{"id":30335,"date":"2022-11-15T17:50:35","date_gmt":"2022-11-15T22:50:35","guid":{"rendered":"https:\/\/stg-mkg.pogoenergy.com\/aniversario\/"},"modified":"2025-09-25T12:33:52","modified_gmt":"2025-09-25T17:33:52","slug":"anniversary","status":"publish","type":"page","link":"https:\/\/dev-mkg.pogoenergy.com\/es\/anniversary\/","title":{"rendered":"Aniversario"},"content":{"rendered":"\n<div class=\"wp-block-columns alignfull is-layout-flex wp-container-core-columns-is-layout-28f84493 wp-block-columns-is-layout-flex\">\n<div class=\"wp-block-column is-vertically-aligned-top is-layout-constrained wp-container-core-column-is-layout-b708b9da wp-block-column-is-layout-constrained\" style=\"padding-top:var(--wp--preset--spacing--30);padding-right:var(--wp--preset--spacing--30);padding-bottom:var(--wp--preset--spacing--30);padding-left:var(--wp--preset--spacing--30)\">\n<div class=\"wp-block-columns is-layout-flex wp-container-core-columns-is-layout-244aab75 wp-block-columns-is-layout-flex\" style=\"padding-top:var(--wp--preset--spacing--40);padding-right:var(--wp--preset--spacing--40);padding-bottom:var(--wp--preset--spacing--40);padding-left:var(--wp--preset--spacing--40)\">\n<div class=\"wp-block-column cards-mobile is-layout-flow wp-block-column-is-layout-flow\" style=\"border-style:none;border-width:0px;padding-top:0;padding-right:0;padding-bottom:0;padding-left:0\"><style>@media only screen and (max-width: 600px) {.gb-69e73e786c572{line-height: 1!important;font-size: 32px!important;}}<\/style>\n<h1 class=\"gb-69e73e786c572 wp-block-heading has-text-align-center has-text-color\" id=\"h-you-ve-taken-control-and-saved\" style=\"color:#1427e6;font-size:48px;font-style:normal;font-weight:600\">\u00a1Has tomado el control y has ahorrado!<\/h1>\n<\/div>\n<\/div>\n<\/div>\n<\/div>\n\n<div class=\"wp-block-columns alignfull is-not-stacked-on-mobile is-layout-flex wp-container-core-columns-is-layout-28f84493 wp-block-columns-is-layout-flex\">\n<div class=\"wp-block-column is-layout-constrained wp-container-core-column-is-layout-b99e2111 wp-block-column-is-layout-constrained\" style=\"padding-right:var(--wp--preset--spacing--50);padding-bottom:0;padding-left:var(--wp--preset--spacing--50)\">\n<hr class=\"wp-block-separator has-text-color has-alpha-channel-opacity has-background is-style-wide\" style=\"margin-top:0;margin-bottom:0;background-color:#9fafb87a;color:#9fafb87a\"\/>\n<\/div>\n<\/div>\n\n<div class=\"wp-block-columns alignfull is-layout-flex wp-container-core-columns-is-layout-28f84493 wp-block-columns-is-layout-flex\">\n<div class=\"wp-block-column is-vertically-aligned-top is-layout-constrained wp-container-core-column-is-layout-06663b6b wp-block-column-is-layout-constrained\" style=\"padding-top:0;padding-right:0;padding-bottom:0;padding-left:0\">\n<div class=\"wp-block-columns is-layout-flex wp-container-core-columns-is-layout-884ec52c wp-block-columns-is-layout-flex\" style=\"margin-top:0;padding-top:0;padding-right:0;padding-bottom:0;padding-left:0\">\n<div class=\"wp-block-column is-vertically-aligned-center mobile-center is-layout-flow wp-block-column-is-layout-flow\" style=\"border-style:none;border-width:0px;padding-top:var(--wp--preset--spacing--40);padding-right:var(--wp--preset--spacing--40);padding-bottom:var(--wp--preset--spacing--40);padding-left:var(--wp--preset--spacing--40);flex-basis:100%\">\n<p class=\"has-text-align-left has-text-color\" style=\"color:#414145;font-size:16px\">\u00a1Bien! Ya llevas un mes con Pogo.  \u00a1GRACIAS por elegir Pogo! Seguro que te est\u00e1s dando cuenta de las grandes ventajas de utilizar Pogo como proveedor. Est\u00e1s ahorrando dinero mientras salvas el mundo usando 100% energ\u00eda limpia, todo sin ataduras ni sorpresas en la factura.<\/p>\n\n\n\n<p><\/p>\n\n\n\n<ul style=\"color:#414145;font-size:16px\" class=\"has-text-color wp-block-list\">\n<li>Actualizaciones diarias de uso<\/li>\n\n\n\n<li><a href=\"https:\/\/pogoperks.com\/\">perks de Pogo<\/a><\/li>\n\n\n\n<li><a href=\"https:\/\/my.dev-mkg.pogoenergy.com\/dashboard\">Recarga<\/a> a tu manera<\/li>\n\n\n\n<li>Sin compromiso<\/li>\n<\/ul>\n<\/div>\n<\/div>\n<\/div>\n<\/div>\n\n<div class=\"wp-block-columns alignfull is-layout-flex wp-container-core-columns-is-layout-28f84493 wp-block-columns-is-layout-flex\">\n<div class=\"wp-block-column is-vertically-aligned-top is-layout-constrained wp-container-core-column-is-layout-b708b9da wp-block-column-is-layout-constrained\" style=\"padding-top:var(--wp--preset--spacing--30);padding-right:var(--wp--preset--spacing--30);padding-bottom:var(--wp--preset--spacing--30);padding-left:var(--wp--preset--spacing--30)\">\n<div class=\"wp-block-columns is-layout-flex wp-container-core-columns-is-layout-d7d455e7 wp-block-columns-is-layout-flex\" style=\"padding-top:0;padding-right:0;padding-bottom:0;padding-left:0\">\n<div class=\"wp-block-column cards cards-mobile has-background-background-color has-background is-layout-flow wp-block-column-is-layout-flow\" style=\"border-style:none;border-width:0px;padding-top:var(--wp--preset--spacing--50);padding-right:var(--wp--preset--spacing--50);padding-bottom:var(--wp--preset--spacing--50);padding-left:var(--wp--preset--spacing--50)\">\n<figure class=\"wp-block-image aligncenter size-full\"><img decoding=\"async\" width=\"88\" height=\"67\" src=\"https:\/\/dev-mkg.pogoenergy.com\/wp-content\/uploads\/2022\/11\/self-service-icon.webp\" alt=\"\" class=\"wp-image-29610\"\/><\/figure>\n\n\n<style>@media only screen and (max-width: 1200px) {.gb-69e73e7872968{font-size: 24px!important;}}@media only screen and (max-width: 600px) {.gb-69e73e7872968{font-size: 18px!important;}}<\/style>\n<h3 class=\"gb-69e73e7872968 wp-block-heading has-text-align-center has-text-color\" id=\"h-how-to-reach-pogo\" style=\"color:#1427e6;margin-top:var(--wp--preset--spacing--40);margin-right:0;margin-bottom:0;margin-left:0;padding-top:0px;padding-right:0px;padding-bottom:0px;padding-left:0px;font-size:24px;font-style:normal;font-weight:600\">C\u00f3mo comunicarte con Pogo<\/h3>\n\n\n\n<p class=\"has-text-color\" style=\"color:#414145;font-size:16px\">S\u00f3lo tienes que responder a uno de tus mensajes de texto de actualizaci\u00f3n de uso diario (o enviar un mensaje al 24197) con una de nuestras palabras clave.<\/p>\n\n\n\n<ul style=\"color:#414145;font-size:16px\" class=\"has-text-color wp-block-list\">\n<li>Env\u00eda BAL para el saldo de tu cuenta actual<\/li>\n\n\n\n<li>Env\u00eda DPP para establecer un plan de pago diferido<\/li>\n\n\n\n<li>Env\u00eda un SMS con la palabra LAST para obtener las \u00faltimas recargas<\/li>\n<\/ul>\n\n\n\n<p style=\"font-size:16px\"><a href=\"https:\/\/dev-mkg.pogoenergy.com\/es\/soporte\/help\/#text-shortcuts\" target=\"_blank\" rel=\"noreferrer noopener\">Haz clic aqu\u00ed para ver la lista completa de palabras clave para SMS<\/a><\/p>\n<\/div>\n\n\n\n<div class=\"wp-block-column cards cards-mobile has-background-background-color has-background is-layout-flow wp-block-column-is-layout-flow\" style=\"padding-top:var(--wp--preset--spacing--50);padding-right:var(--wp--preset--spacing--50);padding-bottom:var(--wp--preset--spacing--50);padding-left:var(--wp--preset--spacing--50)\">\n<figure class=\"wp-block-image aligncenter size-full\"><img decoding=\"async\" width=\"79\" height=\"67\" src=\"https:\/\/dev-mkg.pogoenergy.com\/wp-content\/uploads\/2022\/11\/auto-contact-icon.webp\" alt=\"\" class=\"wp-image-29607\"\/><\/figure>\n\n\n<style>@media only screen and (max-width: 1200px) {.gb-69e73e787928f{font-size: 24px!important;}}@media only screen and (max-width: 600px) {.gb-69e73e787928f{font-size: 18px!important;}}<\/style>\n<h3 class=\"gb-69e73e787928f wp-block-heading has-text-align-center has-text-color\" id=\"h-contact\" style=\"color:#1427e6;margin-top:var(--wp--preset--spacing--40);margin-right:0;margin-bottom:0;margin-left:0;padding-top:0px;padding-right:0px;padding-bottom:0px;padding-left:0px;font-size:24px;font-style:normal;font-weight:600\">Ponte en contacto con<\/h3>\n\n\n\n<p class=\"has-text-color\" style=\"color:#414145;font-size:16px\">Puedes ponerte en contacto con nosotros de lunes a viernes, de 8:00 a 17:00 horas, y los s\u00e1bados, de 10:00 a 14:00 horas.<\/p>\n\n\n\n<ul style=\"color:#414145;font-size:16px\" class=\"has-text-color wp-block-list\">\n<li><a href=\"https:\/\/dev-mkg.pogoenergy.com\/es\/soporte\/help\/#chat\">Chat en vivo<\/a><\/li>\n\n\n\n<li>Chat SMS en vivo al 24197<\/li>\n\n\n\n<li><a href=\"https:\/\/dev-mkg.pogoenergy.com\/es\/soporte\/help\/#text-shortcuts\">Chat por SMS<\/a> con Edison, tu agente virtual<\/li>\n\n\n\n<li style=\"font-size:16px\"><a href=\"mailto:support@dev-mkg.pogoenergy.com\">support@dev-mkg.pogoenergy.com<\/a><\/li>\n\n\n\n<li><a href=\"tel:8887646669\">888.764.6669<\/a><\/li>\n<\/ul>\n<\/div>\n\n\n\n<div class=\"wp-block-column cards cards-mobile has-background-background-color has-background is-layout-flow wp-block-column-is-layout-flow\" style=\"padding-top:var(--wp--preset--spacing--50);padding-right:var(--wp--preset--spacing--50);padding-bottom:var(--wp--preset--spacing--50);padding-left:var(--wp--preset--spacing--50)\">\n<figure class=\"wp-block-image aligncenter size-full\"><img decoding=\"async\" width=\"80\" height=\"67\" src=\"https:\/\/dev-mkg.pogoenergy.com\/wp-content\/uploads\/2022\/11\/recharging-your-account-icon.webp\" alt=\"\" class=\"wp-image-29609\"\/><\/figure>\n\n\n<style>@media only screen and (max-width: 1200px) {.gb-69e73e7880ac2{font-size: 24px!important;}}@media only screen and (max-width: 600px) {.gb-69e73e7880ac2{font-size: 18px!important;}}<\/style>\n<h3 class=\"gb-69e73e7880ac2 wp-block-heading has-text-align-center has-text-color\" id=\"h-recharging-your-account\" style=\"color:#1427e6;margin-top:var(--wp--preset--spacing--40);margin-right:0;margin-bottom:0;margin-left:0;padding-top:0px;padding-right:0px;padding-bottom:0px;padding-left:0px;font-size:24px;font-style:normal;font-weight:600\">Recarga tu cuenta<\/h3>\n\n\n\n<p style=\"font-size:16px\">Pogo Energy te ofrece varias formas de recargar tu cuenta:<\/p>\n\n\n\n<ul style=\"color:#414145;font-size:16px\" class=\"has-text-color wp-block-list\">\n<li><a href=\"https:\/\/dev-mkg.pogoenergy.com\/es\/cargar\/\">En l\u00ednea<\/a><\/li>\n\n\n\n<li><a href=\"tel:8887646669\">888.764.6669<\/a><\/li>\n\n\n\n<li><a href=\"https:\/\/dev-mkg.pogoenergy.com\/es\/puntos-de-pago\/\">Cajeros autom\u00e1ticos<\/a><\/li>\n\n\n\n<li><a href=\"https:\/\/my.dev-mkg.pogoenergy.com\/dashboard\">Autopago<\/a><\/li>\n<\/ul>\n<\/div>\n<\/div>\n<\/div>\n<\/div>\n\n<div class=\"wp-block-columns alignfull is-layout-flex wp-container-core-columns-is-layout-28f84493 wp-block-columns-is-layout-flex\">\n<div class=\"wp-block-column is-vertically-aligned-top is-layout-constrained wp-container-core-column-is-layout-b708b9da wp-block-column-is-layout-constrained\" style=\"padding-top:var(--wp--preset--spacing--30);padding-right:var(--wp--preset--spacing--30);padding-bottom:var(--wp--preset--spacing--30);padding-left:var(--wp--preset--spacing--30)\">\n<div class=\"wp-block-columns is-layout-flex wp-container-core-columns-is-layout-d7d455e7 wp-block-columns-is-layout-flex\" style=\"padding-top:0;padding-right:0;padding-bottom:0;padding-left:0\">\n<div class=\"wp-block-column cards cards-mobile has-background-background-color has-background is-layout-flow wp-block-column-is-layout-flow\" style=\"border-style:none;border-width:0px;padding-top:var(--wp--preset--spacing--50);padding-right:var(--wp--preset--spacing--50);padding-bottom:var(--wp--preset--spacing--50);padding-left:var(--wp--preset--spacing--50)\">\n<figure class=\"wp-block-image aligncenter size-full\"><img decoding=\"async\" width=\"80\" height=\"67\" src=\"https:\/\/dev-mkg.pogoenergy.com\/wp-content\/uploads\/2022\/11\/get-autopay-icon.webp\" alt=\"\" class=\"wp-image-29608\"\/><\/figure>\n\n\n<style>@media only screen and (max-width: 1200px) {.gb-69e73e78872dd{font-size: 24px!important;}}@media only screen and (max-width: 600px) {.gb-69e73e78872dd{font-size: 18px!important;}}<\/style>\n<h3 class=\"gb-69e73e78872dd wp-block-heading has-text-align-center has-text-color\" id=\"h-you-re-in-control\" style=\"color:#1427e6;margin-top:var(--wp--preset--spacing--40);margin-right:0;margin-bottom:0;margin-left:0;padding-top:0px;padding-right:0px;padding-bottom:0px;padding-left:0px;font-size:24px;font-style:normal;font-weight:600\">\u00a1T\u00fa tienes el control!<\/h3>\n\n\n\n<p class=\"has-text-align-center has-text-color\" style=\"color:#414145;font-size:16px\">\u00a1Gracias por unirte a Pogo Energy! Ahora formas parte de una comunidad que le est\u00e1 dando la espalda a su antigua compa\u00f1\u00eda de energ\u00eda.<\/p>\n\n\n\n<div class=\"wp-block-buttons hero-button is-horizontal is-content-justification-center is-layout-flex wp-container-core-buttons-is-layout-ef5ce59c wp-block-buttons-is-layout-flex\">\n<div class=\"wp-block-button alignright is-style-fill\"><a class=\"wp-block-button__link has-text-color has-background wp-element-button\" href=\"https:\/\/dev-mkg.pogoenergy.com\/es\/cargar\/\" style=\"border-radius:100px;color:#1427e6;background-color:#6ee229;padding-top:var(--wp--preset--spacing--40);padding-right:var(--wp--preset--spacing--50);padding-bottom:var(--wp--preset--spacing--40);padding-left:var(--wp--preset--spacing--50)\"><strong>Recarga<\/strong><\/a><\/div>\n<\/div>\n<\/div>\n<\/div>\n<\/div>\n<\/div>\n","protected":false},"excerpt":{"rendered":"<p>\u00a1Has tomado el control y has ahorrado! \u00a1Bien! Ya llevas un mes con Pogo. \u00a1GRACIAS por elegir Pogo! Seguro que te est\u00e1s dando cuenta de las grandes ventajas de utilizar Pogo como proveedor. Est\u00e1s ahorrando dinero mientras salvas el mundo usando 100% energ\u00eda limpia, todo sin ataduras ni sorpresas en la factura. C\u00f3mo comunicarte con [&hellip;]<\/p>\n","protected":false},"author":11,"featured_media":31541,"parent":0,"menu_order":0,"comment_status":"closed","ping_status":"closed","template":"","meta":{"custom_body_class":"","footnotes":""},"search_visibility":[],"search_keywords":[],"class_list":["post-30335","page","type-page","status-publish","has-post-thumbnail","hentry"],"yoast_head":"<!-- This site is optimized with the Yoast SEO Premium plugin v26.5 (Yoast SEO v27.2) - https:\/\/yoast.com\/product\/yoast-seo-premium-wordpress\/ -->\n<title>Aniversario | Pogo Energy Esp<\/title>\n<meta name=\"description\" content=\"Aniversario Pogo Energy Esp\" \/>\n<meta name=\"robots\" content=\"noindex, nofollow\" \/>\n<meta property=\"og:locale\" content=\"es_ES\" \/>\n<meta property=\"og:type\" content=\"article\" \/>\n<meta property=\"og:title\" content=\"Aniversario Pogo Energy Esp\" \/>\n<meta property=\"og:description\" content=\"Aniversario Pogo Energy Esp\" \/>\n<meta property=\"og:url\" content=\"https:\/\/dev-mkg.pogoenergy.com\/es\/anniversary\/\" \/>\n<meta property=\"og:site_name\" content=\"Pogo Energy Esp\" \/>\n<meta property=\"article:publisher\" content=\"https:\/\/www.facebook.com\/pogoenergy\" \/>\n<meta property=\"article:modified_time\" content=\"2025-09-25T17:33:52+00:00\" \/>\n<meta property=\"og:image\" content=\"https:\/\/dev-mkg.pogoenergy.com\/wp-content\/uploads\/2023\/09\/200x200-Pogo-logo.png\" \/>\n\t<meta property=\"og:image:width\" content=\"200\" \/>\n\t<meta property=\"og:image:height\" content=\"200\" \/>\n\t<meta property=\"og:image:type\" content=\"image\/png\" \/>\n<meta name=\"twitter:card\" content=\"summary_large_image\" \/>\n<meta name=\"twitter:site\" content=\"@PogoEnergyTX\" \/>\n<meta name=\"twitter:label1\" content=\"Tiempo de lectura\" \/>\n\t<meta name=\"twitter:data1\" content=\"2 minutos\" \/>\n<script type=\"application\/ld+json\" class=\"yoast-schema-graph\">{\"@context\":\"https:\/\/schema.org\",\"@graph\":[{\"@type\":\"WebPage\",\"@id\":\"https:\/\/dev-mkg.pogoenergy.com\/es\/anniversary\/\",\"url\":\"https:\/\/dev-mkg.pogoenergy.com\/es\/anniversary\/\",\"name\":\"Aniversario | Pogo Energy Esp\",\"isPartOf\":{\"@id\":\"https:\/\/dev-mkg.pogoenergy.com\/es\/#website\"},\"primaryImageOfPage\":{\"@id\":\"https:\/\/dev-mkg.pogoenergy.com\/es\/anniversary\/#primaryimage\"},\"image\":{\"@id\":\"https:\/\/dev-mkg.pogoenergy.com\/es\/anniversary\/#primaryimage\"},\"thumbnailUrl\":\"https:\/\/dev-mkg.pogoenergy.com\/wp-content\/uploads\/2023\/09\/200x200-Pogo-logo.png\",\"datePublished\":\"2022-11-15T22:50:35+00:00\",\"dateModified\":\"2025-09-25T17:33:52+00:00\",\"description\":\"Aniversario Pogo Energy Esp\",\"breadcrumb\":{\"@id\":\"https:\/\/dev-mkg.pogoenergy.com\/es\/anniversary\/#breadcrumb\"},\"inLanguage\":\"es\",\"potentialAction\":[{\"@type\":\"ReadAction\",\"target\":[\"https:\/\/dev-mkg.pogoenergy.com\/es\/anniversary\/\"]}]},{\"@type\":\"ImageObject\",\"inLanguage\":\"es\",\"@id\":\"https:\/\/dev-mkg.pogoenergy.com\/es\/anniversary\/#primaryimage\",\"url\":\"https:\/\/dev-mkg.pogoenergy.com\/wp-content\/uploads\/2023\/09\/200x200-Pogo-logo.png\",\"contentUrl\":\"https:\/\/dev-mkg.pogoenergy.com\/wp-content\/uploads\/2023\/09\/200x200-Pogo-logo.png\",\"width\":200,\"height\":200,\"caption\":\"Electricidad el\u00e9ctrica Pogo en Texas\"},{\"@type\":\"BreadcrumbList\",\"@id\":\"https:\/\/dev-mkg.pogoenergy.com\/es\/anniversary\/#breadcrumb\",\"itemListElement\":[{\"@type\":\"ListItem\",\"position\":1,\"name\":\"Inicio\",\"item\":\"https:\/\/dev-mkg.pogoenergy.com\/es\/\"},{\"@type\":\"ListItem\",\"position\":2,\"name\":\"Aniversario\"}]},{\"@type\":\"WebSite\",\"@id\":\"https:\/\/dev-mkg.pogoenergy.com\/es\/#website\",\"url\":\"https:\/\/dev-mkg.pogoenergy.com\/es\/\",\"name\":\"Pogo Energy Esp\",\"description\":\"Prepaid Electricity | No Deposit Electricity | Same Day Power | Electric Company\",\"publisher\":{\"@id\":\"https:\/\/dev-mkg.pogoenergy.com\/es\/#organization\"},\"alternateName\":\"Pogo Energy Electric Company in Texas providing Affordable Energy to keep your Lights On\",\"potentialAction\":[{\"@type\":\"SearchAction\",\"target\":{\"@type\":\"EntryPoint\",\"urlTemplate\":\"https:\/\/dev-mkg.pogoenergy.com\/es\/?s={search_term_string}\"},\"query-input\":{\"@type\":\"PropertyValueSpecification\",\"valueRequired\":true,\"valueName\":\"search_term_string\"}}],\"inLanguage\":\"es\"},{\"@type\":[\"Organization\",\"Place\",\"LocalBusiness\"],\"@id\":\"https:\/\/dev-mkg.pogoenergy.com\/es\/#organization\",\"name\":\"Pogo Energy\",\"alternateName\":\"Pogo Energy Electric Company Serving Texas\",\"url\":\"https:\/\/dev-mkg.pogoenergy.com\/es\/\",\"logo\":{\"@id\":\"https:\/\/dev-mkg.pogoenergy.com\/es\/anniversary\/#local-main-organization-logo\"},\"image\":{\"@id\":\"https:\/\/dev-mkg.pogoenergy.com\/es\/anniversary\/#local-main-organization-logo\"},\"sameAs\":[\"https:\/\/www.facebook.com\/pogoenergy\",\"https:\/\/x.com\/PogoEnergyTX\",\"https:\/\/www.linkedin.com\/company\/pogoenergy\",\"https:\/\/www.instagram.com\/pogoenergy\",\"https:\/\/www.threads.net\/@pogoenergy\"],\"description\":\"Pay-as-you-go electricity plans for residents and small businesses living in non-regulated areas of Texas from an electric company committed to providing 100% renewable, clean energy. We are on a mission to make it easy to get the lights turned on with no credit checks, no deposits, and our same-day power-on guarantee when you sign up before 6 p.m. Leave the BS (bill shock) behind and start saving money and the world with pay-as-you-go electricity from Pogo Energy.\",\"legalName\":\"Pogo Energy LLC\",\"foundingDate\":\"2017-03-13\",\"numberOfEmployees\":{\"@type\":\"QuantitativeValue\",\"minValue\":\"11\",\"maxValue\":\"50\"},\"address\":{\"@id\":\"https:\/\/dev-mkg.pogoenergy.com\/es\/anniversary\/#local-main-place-address\"},\"telephone\":[\"888-764-6669\"],\"openingHoursSpecification\":[],\"email\":\"support@dev-mkg.pogoenergy.com\",\"areaServed\":\"Texas\",\"priceRange\":\"$\"},{\"@type\":\"PostalAddress\",\"@id\":\"https:\/\/dev-mkg.pogoenergy.com\/es\/anniversary\/#local-main-place-address\",\"streetAddress\":\"P.O. Box 12346\",\"addressLocality\":\"Dallas\",\"postalCode\":\"75225\",\"addressRegion\":\"Texas\",\"addressCountry\":\"US\"},{\"@type\":\"ImageObject\",\"inLanguage\":\"es\",\"@id\":\"https:\/\/dev-mkg.pogoenergy.com\/es\/anniversary\/#local-main-organization-logo\",\"url\":\"https:\/\/dev-mkg.pogoenergy.com\/wp-content\/uploads\/2023\/09\/200x200-Pogo-logo.png\",\"contentUrl\":\"https:\/\/dev-mkg.pogoenergy.com\/wp-content\/uploads\/2023\/09\/200x200-Pogo-logo.png\",\"width\":200,\"height\":200,\"caption\":\"Pogo Energy\"}]}<\/script>\n<meta name=\"geo.placename\" content=\"Dallas\" \/>\n<meta name=\"geo.region\" content=\"Estados Unidos (EEUU)\" \/>\n<!-- \/ Yoast SEO Premium plugin. -->","yoast_head_json":{"title":"Aniversario | Pogo Energy Esp","description":"Aniversario Pogo Energy Esp","robots":{"index":"noindex","follow":"nofollow"},"og_locale":"es_ES","og_type":"article","og_title":"Aniversario Pogo Energy Esp","og_description":"Aniversario Pogo Energy Esp","og_url":"https:\/\/dev-mkg.pogoenergy.com\/es\/anniversary\/","og_site_name":"Pogo Energy Esp","article_publisher":"https:\/\/www.facebook.com\/pogoenergy","article_modified_time":"2025-09-25T17:33:52+00:00","og_image":[{"width":200,"height":200,"url":"https:\/\/dev-mkg.pogoenergy.com\/wp-content\/uploads\/2023\/09\/200x200-Pogo-logo.png","type":"image\/png"}],"twitter_card":"summary_large_image","twitter_site":"@PogoEnergyTX","twitter_misc":{"Tiempo de lectura":"2 minutos"},"schema":{"@context":"https:\/\/schema.org","@graph":[{"@type":"WebPage","@id":"https:\/\/dev-mkg.pogoenergy.com\/es\/anniversary\/","url":"https:\/\/dev-mkg.pogoenergy.com\/es\/anniversary\/","name":"Aniversario | Pogo Energy Esp","isPartOf":{"@id":"https:\/\/dev-mkg.pogoenergy.com\/es\/#website"},"primaryImageOfPage":{"@id":"https:\/\/dev-mkg.pogoenergy.com\/es\/anniversary\/#primaryimage"},"image":{"@id":"https:\/\/dev-mkg.pogoenergy.com\/es\/anniversary\/#primaryimage"},"thumbnailUrl":"https:\/\/dev-mkg.pogoenergy.com\/wp-content\/uploads\/2023\/09\/200x200-Pogo-logo.png","datePublished":"2022-11-15T22:50:35+00:00","dateModified":"2025-09-25T17:33:52+00:00","description":"Aniversario Pogo Energy Esp","breadcrumb":{"@id":"https:\/\/dev-mkg.pogoenergy.com\/es\/anniversary\/#breadcrumb"},"inLanguage":"es","potentialAction":[{"@type":"ReadAction","target":["https:\/\/dev-mkg.pogoenergy.com\/es\/anniversary\/"]}]},{"@type":"ImageObject","inLanguage":"es","@id":"https:\/\/dev-mkg.pogoenergy.com\/es\/anniversary\/#primaryimage","url":"https:\/\/dev-mkg.pogoenergy.com\/wp-content\/uploads\/2023\/09\/200x200-Pogo-logo.png","contentUrl":"https:\/\/dev-mkg.pogoenergy.com\/wp-content\/uploads\/2023\/09\/200x200-Pogo-logo.png","width":200,"height":200,"caption":"Electricidad el\u00e9ctrica Pogo en Texas"},{"@type":"BreadcrumbList","@id":"https:\/\/dev-mkg.pogoenergy.com\/es\/anniversary\/#breadcrumb","itemListElement":[{"@type":"ListItem","position":1,"name":"Inicio","item":"https:\/\/dev-mkg.pogoenergy.com\/es\/"},{"@type":"ListItem","position":2,"name":"Aniversario"}]},{"@type":"WebSite","@id":"https:\/\/dev-mkg.pogoenergy.com\/es\/#website","url":"https:\/\/dev-mkg.pogoenergy.com\/es\/","name":"Pogo Energy Esp","description":"Prepaid Electricity | No Deposit Electricity | Same Day Power | Electric Company","publisher":{"@id":"https:\/\/dev-mkg.pogoenergy.com\/es\/#organization"},"alternateName":"Pogo Energy Electric Company in Texas providing Affordable Energy to keep your Lights On","potentialAction":[{"@type":"SearchAction","target":{"@type":"EntryPoint","urlTemplate":"https:\/\/dev-mkg.pogoenergy.com\/es\/?s={search_term_string}"},"query-input":{"@type":"PropertyValueSpecification","valueRequired":true,"valueName":"search_term_string"}}],"inLanguage":"es"},{"@type":["Organization","Place","LocalBusiness"],"@id":"https:\/\/dev-mkg.pogoenergy.com\/es\/#organization","name":"Pogo Energy","alternateName":"Pogo Energy Electric Company Serving Texas","url":"https:\/\/dev-mkg.pogoenergy.com\/es\/","logo":{"@id":"https:\/\/dev-mkg.pogoenergy.com\/es\/anniversary\/#local-main-organization-logo"},"image":{"@id":"https:\/\/dev-mkg.pogoenergy.com\/es\/anniversary\/#local-main-organization-logo"},"sameAs":["https:\/\/www.facebook.com\/pogoenergy","https:\/\/x.com\/PogoEnergyTX","https:\/\/www.linkedin.com\/company\/pogoenergy","https:\/\/www.instagram.com\/pogoenergy","https:\/\/www.threads.net\/@pogoenergy"],"description":"Pay-as-you-go electricity plans for residents and small businesses living in non-regulated areas of Texas from an electric company committed to providing 100% renewable, clean energy. We are on a mission to make it easy to get the lights turned on with no credit checks, no deposits, and our same-day power-on guarantee when you sign up before 6 p.m. Leave the BS (bill shock) behind and start saving money and the world with pay-as-you-go electricity from Pogo Energy.","legalName":"Pogo Energy LLC","foundingDate":"2017-03-13","numberOfEmployees":{"@type":"QuantitativeValue","minValue":"11","maxValue":"50"},"address":{"@id":"https:\/\/dev-mkg.pogoenergy.com\/es\/anniversary\/#local-main-place-address"},"telephone":["888-764-6669"],"openingHoursSpecification":[],"email":"support@dev-mkg.pogoenergy.com","areaServed":"Texas","priceRange":"$"},{"@type":"PostalAddress","@id":"https:\/\/dev-mkg.pogoenergy.com\/es\/anniversary\/#local-main-place-address","streetAddress":"P.O. Box 12346","addressLocality":"Dallas","postalCode":"75225","addressRegion":"Texas","addressCountry":"US"},{"@type":"ImageObject","inLanguage":"es","@id":"https:\/\/dev-mkg.pogoenergy.com\/es\/anniversary\/#local-main-organization-logo","url":"https:\/\/dev-mkg.pogoenergy.com\/wp-content\/uploads\/2023\/09\/200x200-Pogo-logo.png","contentUrl":"https:\/\/dev-mkg.pogoenergy.com\/wp-content\/uploads\/2023\/09\/200x200-Pogo-logo.png","width":200,"height":200,"caption":"Pogo Energy"}]},"geo.placename":"Dallas","geo.region":"Estados Unidos (EEUU)"},"featured_image_src":"https:\/\/dev-mkg.pogoenergy.com\/wp-content\/uploads\/2023\/09\/200x200-Pogo-logo.png","featured_image_src_square":"https:\/\/dev-mkg.pogoenergy.com\/wp-content\/uploads\/2023\/09\/200x200-Pogo-logo.png","_links":{"self":[{"href":"https:\/\/dev-mkg.pogoenergy.com\/es\/wp-json\/wp\/v2\/pages\/30335","targetHints":{"allow":["GET"]}}],"collection":[{"href":"https:\/\/dev-mkg.pogoenergy.com\/es\/wp-json\/wp\/v2\/pages"}],"about":[{"href":"https:\/\/dev-mkg.pogoenergy.com\/es\/wp-json\/wp\/v2\/types\/page"}],"author":[{"embeddable":true,"href":"https:\/\/dev-mkg.pogoenergy.com\/es\/wp-json\/wp\/v2\/users\/11"}],"replies":[{"embeddable":true,"href":"https:\/\/dev-mkg.pogoenergy.com\/es\/wp-json\/wp\/v2\/comments?post=30335"}],"version-history":[{"count":0,"href":"https:\/\/dev-mkg.pogoenergy.com\/es\/wp-json\/wp\/v2\/pages\/30335\/revisions"}],"wp:featuredmedia":[{"embeddable":true,"href":"https:\/\/dev-mkg.pogoenergy.com\/es\/wp-json\/wp\/v2\/media\/31541"}],"wp:attachment":[{"href":"https:\/\/dev-mkg.pogoenergy.com\/es\/wp-json\/wp\/v2\/media?parent=30335"}],"wp:term":[{"taxonomy":"search_visibility","embeddable":true,"href":"https:\/\/dev-mkg.pogoenergy.com\/es\/wp-json\/wp\/v2\/search_visibility?post=30335"},{"taxonomy":"search_keywords","embeddable":true,"href":"https:\/\/dev-mkg.pogoenergy.com\/es\/wp-json\/wp\/v2\/search_keywords?post=30335"}],"curies":[{"name":"wp","href":"https:\/\/api.w.org\/{rel}","templated":true}]}}