{"id":30339,"date":"2022-11-15T12:51:50","date_gmt":"2022-11-15T17:51:50","guid":{"rendered":"https:\/\/stg-mkg.pogoenergy.com\/vencimiento-del-contrato\/"},"modified":"2025-11-28T09:48:35","modified_gmt":"2025-11-28T14:48:35","slug":"contract-expiration","status":"publish","type":"page","link":"https:\/\/dev-mkg.pogoenergy.com\/es\/contract-expiration\/","title":{"rendered":"Vencimiento del contrato"},"content":{"rendered":"\n<div class=\"wp-block-columns alignfull is-layout-flex wp-container-core-columns-is-layout-28f84493 wp-block-columns-is-layout-flex\">\n<div class=\"wp-block-column is-vertically-aligned-top is-layout-constrained wp-container-core-column-is-layout-b708b9da wp-block-column-is-layout-constrained\" style=\"padding-top:var(--wp--preset--spacing--30);padding-right:var(--wp--preset--spacing--30);padding-bottom:var(--wp--preset--spacing--30);padding-left:var(--wp--preset--spacing--30)\">\n<div class=\"wp-block-columns is-layout-flex wp-container-core-columns-is-layout-244aab75 wp-block-columns-is-layout-flex\" style=\"padding-top:var(--wp--preset--spacing--40);padding-right:var(--wp--preset--spacing--40);padding-bottom:var(--wp--preset--spacing--40);padding-left:var(--wp--preset--spacing--40)\">\n<div class=\"wp-block-column cards-mobile is-layout-flow wp-block-column-is-layout-flow\" style=\"border-style:none;border-width:0px;padding-top:0;padding-right:0;padding-bottom:0;padding-left:0\"><style>@media only screen and (max-width: 600px) {.gb-69e75348d56ba{line-height: 1!important;font-size: 32px!important;}}<\/style>\n<h1 class=\"gb-69e75348d56ba wp-block-heading has-text-align-center has-text-color\" id=\"h-your-pogo-rate-is-not-changing-but-this-is-your-contract-expiration-notice-see-below\" style=\"color:#1427e6;font-size:48px;font-style:normal;font-weight:600\">Tu tarifa Pogo NO va a cambiar, pero&#8230;<br\/>este es tu Aviso de Expiraci\u00f3n de Contrato (ver m\u00e1s abajo)<\/h1>\n<\/div>\n<\/div>\n<\/div>\n<\/div>\n\n<div class=\"wp-block-columns alignfull is-not-stacked-on-mobile is-layout-flex wp-container-core-columns-is-layout-28f84493 wp-block-columns-is-layout-flex\">\n<div class=\"wp-block-column is-layout-constrained wp-container-core-column-is-layout-b99e2111 wp-block-column-is-layout-constrained\" style=\"padding-right:var(--wp--preset--spacing--50);padding-bottom:0;padding-left:var(--wp--preset--spacing--50)\">\n<hr class=\"wp-block-separator has-text-color has-alpha-channel-opacity has-background is-style-wide\" style=\"margin-top:0;margin-bottom:0;background-color:#9fafb87a;color:#9fafb87a\"\/>\n<\/div>\n<\/div>\n\n<div class=\"wp-block-columns alignfull is-layout-flex wp-container-core-columns-is-layout-28f84493 wp-block-columns-is-layout-flex\">\n<div class=\"wp-block-column is-vertically-aligned-top is-layout-constrained wp-container-core-column-is-layout-06663b6b wp-block-column-is-layout-constrained\" style=\"padding-top:0;padding-right:0;padding-bottom:0;padding-left:0\">\n<div class=\"wp-block-columns is-layout-flex wp-container-core-columns-is-layout-884ec52c wp-block-columns-is-layout-flex\" style=\"margin-top:0;padding-top:0;padding-right:0;padding-bottom:0;padding-left:0\">\n<div class=\"wp-block-column is-vertically-aligned-center mobile-center is-layout-flow wp-block-column-is-layout-flow\" style=\"border-style:none;border-width:0px;padding-top:var(--wp--preset--spacing--40);padding-right:var(--wp--preset--spacing--40);padding-bottom:var(--wp--preset--spacing--40);padding-left:var(--wp--preset--spacing--40);flex-basis:100%\">\n<p class=\"has-text-align-center has-text-color\" style=\"color:#414145;font-size:16px\">\u00a1Buenas noticias! Tu tarifa no cambia. As\u00ed es, tu calificacion de Pogo NO va a cambiar aunque te est\u00e9s acercando al final de tu plazo de tres meses a tipo fijo. Si no haces nada, seguir\u00e1s disfrutando de la tarifa mensual mas baja.<\/p>\n<\/div>\n<\/div>\n<\/div>\n<\/div>\n\n<div class=\"wp-block-columns alignfull is-layout-flex wp-container-core-columns-is-layout-28f84493 wp-block-columns-is-layout-flex\">\n<div class=\"wp-block-column is-vertically-aligned-top is-layout-constrained wp-container-core-column-is-layout-b708b9da wp-block-column-is-layout-constrained\" style=\"padding-top:var(--wp--preset--spacing--30);padding-right:var(--wp--preset--spacing--30);padding-bottom:var(--wp--preset--spacing--30);padding-left:var(--wp--preset--spacing--30)\">\n<div class=\"wp-block-columns is-layout-flex wp-container-core-columns-is-layout-d7d455e7 wp-block-columns-is-layout-flex\" style=\"padding-top:0;padding-right:0;padding-bottom:0;padding-left:0\">\n<div class=\"wp-block-column cards cards-mobile has-background-background-color has-background is-layout-flow wp-block-column-is-layout-flow\" style=\"border-style:none;border-width:0px;padding-top:var(--wp--preset--spacing--50);padding-right:var(--wp--preset--spacing--50);padding-bottom:var(--wp--preset--spacing--50);padding-left:var(--wp--preset--spacing--50)\"><style>@media only screen and (max-width: 1200px) {.gb-69e75348e06aa{font-size: 24px!important;}}@media only screen and (max-width: 600px) {.gb-69e75348e06aa{font-size: 18px!important;}}<\/style>\n<h3 class=\"gb-69e75348e06aa wp-block-heading has-text-align-center has-text-color\" id=\"h-what-do-i-have-to-do\" style=\"color:#1427e6;margin-top:var(--wp--preset--spacing--40);margin-right:0;margin-bottom:0;margin-left:0;padding-top:0px;padding-right:0px;padding-bottom:0px;padding-left:0px;font-size:24px;font-style:normal;font-weight:600\">\u00bfQu\u00e9 tengo que hacer?<\/h3>\n\n\n\n<p class=\"has-text-align-center has-text-color\" style=\"color:#414145;font-size:16px\">Nada, porque tu tarifa no cambia.<\/p>\n<\/div>\n\n\n\n<div class=\"wp-block-column cards cards-mobile has-background-background-color has-background is-layout-flow wp-block-column-is-layout-flow\" style=\"padding-top:var(--wp--preset--spacing--50);padding-right:var(--wp--preset--spacing--50);padding-bottom:var(--wp--preset--spacing--50);padding-left:var(--wp--preset--spacing--50)\"><style>@media only screen and (max-width: 1200px) {.gb-69e75348e5862{font-size: 24px!important;}}@media only screen and (max-width: 600px) {.gb-69e75348e5862{font-size: 18px!important;}}<\/style>\n<h3 class=\"gb-69e75348e5862 wp-block-heading has-text-align-center has-text-color\" id=\"h-why-are-we-sending-you-this-notice\" style=\"color:#1427e6;margin-top:var(--wp--preset--spacing--40);margin-right:0;margin-bottom:0;margin-left:0;padding-top:0px;padding-right:0px;padding-bottom:0px;padding-left:0px;font-size:24px;font-style:normal;font-weight:600\">\u00bfPor qu\u00e9 le enviamos este aviso?<\/h3>\n\n\n\n<p class=\"has-text-align-center has-text-color\" style=\"color:#414145;font-size:16px\">Como siempre, puedes cancelar tu servicio de Pogo sin penalizaci\u00f3n en cualquier momento (\u00a1pero esperamos que no lo hagas!). Para conocer toda la letra peque\u00f1a de la normativa (como tu EFL, TOS, etc.), visita nuestra<a href=\"https:\/\/dev-mkg.pogoenergy.com\/es\/aviso-legal-y-privacidad\/\"> p\u00e1gina legal<\/a>.<\/p>\n<\/div>\n<\/div>\n<\/div>\n<\/div>\n\n<div class=\"wp-block-columns alignfull is-layout-flex wp-container-core-columns-is-layout-a1e153c5 wp-block-columns-is-layout-flex\" style=\"margin-top:3rem;margin-bottom:3rem\">\n<div class=\"wp-block-column is-vertically-aligned-top is-content-justification-center is-layout-constrained wp-container-core-column-is-layout-f2ca5b04 wp-block-column-is-layout-constrained\" style=\"padding-top:var(--wp--preset--spacing--30);padding-right:var(--wp--preset--spacing--30);padding-bottom:var(--wp--preset--spacing--30);padding-left:var(--wp--preset--spacing--30)\">\n<div class=\"wp-block-buttons buttons is-horizontal is-content-justification-center is-layout-flex wp-container-core-buttons-is-layout-ef5ce59c wp-block-buttons-is-layout-flex\">\n<div class=\"wp-block-button alignright is-style-fill\"><a class=\"wp-block-button__link has-background-color has-text-color has-background wp-element-button\" href=\"https:\/\/my.dev-mkg.pogoenergy.com\/enroll\" style=\"border-radius:100px;background-color:#1427e6;padding-top:var(--wp--preset--spacing--40);padding-right:var(--wp--preset--spacing--70);padding-bottom:var(--wp--preset--spacing--40);padding-left:var(--wp--preset--spacing--70)\"><strong>Inscr\u00edbete ahora<\/strong><\/a><\/div>\n\n\n\n<div class=\"wp-block-button alignright is-style-outline is-style-outline--1\"><a class=\"wp-block-button__link has-text-color wp-element-button\" href=\"https:\/\/dev-mkg.pogoenergy.com\/es\/soporte\/help\/#chat\" style=\"border-radius:100px;color:#414145;padding-top:var(--wp--preset--spacing--40);padding-right:var(--wp--preset--spacing--70);padding-bottom:var(--wp--preset--spacing--40);padding-left:var(--wp--preset--spacing--70)\"><strong>Convers\u00e1 con nosotros<\/strong><\/a><\/div>\n<\/div>\n<\/div>\n<\/div>\n","protected":false},"excerpt":{"rendered":"<p>Tu tarifa Pogo NO va a cambiar, pero&#8230;este es tu Aviso de Expiraci\u00f3n de Contrato (ver m\u00e1s abajo) \u00a1Buenas noticias! Tu tarifa no cambia. As\u00ed es, tu calificacion de Pogo NO va a cambiar aunque te est\u00e9s acercando al final de tu plazo de tres meses a tipo fijo. Si no haces nada, seguir\u00e1s disfrutando [&hellip;]<\/p>\n","protected":false},"author":11,"featured_media":0,"parent":0,"menu_order":0,"comment_status":"closed","ping_status":"closed","template":"","meta":{"custom_body_class":"","footnotes":""},"search_visibility":[105],"search_keywords":[],"class_list":["post-30339","page","type-page","status-publish","hentry"],"yoast_head":"<!-- This site is optimized with the Yoast SEO Premium plugin v26.5 (Yoast SEO v27.2) - https:\/\/yoast.com\/product\/yoast-seo-premium-wordpress\/ -->\n<title>Vencimiento del contrato | Pogo Energy Esp<\/title>\n<meta name=\"description\" content=\"Vencimiento del contrato Pogo Energy Esp\" \/>\n<meta name=\"robots\" content=\"noindex, nofollow\" \/>\n<meta property=\"og:locale\" content=\"es_ES\" \/>\n<meta property=\"og:type\" content=\"article\" \/>\n<meta property=\"og:title\" content=\"Vencimiento del contrato Pogo Energy Esp\" \/>\n<meta property=\"og:description\" content=\"Vencimiento del contrato Pogo Energy Esp\" \/>\n<meta property=\"og:url\" content=\"https:\/\/dev-mkg.pogoenergy.com\/es\/contract-expiration\/\" \/>\n<meta property=\"og:site_name\" content=\"Pogo Energy Esp\" \/>\n<meta property=\"article:publisher\" content=\"https:\/\/www.facebook.com\/pogoenergy\" \/>\n<meta property=\"article:modified_time\" content=\"2025-11-28T14:48:35+00:00\" \/>\n<meta property=\"og:image\" content=\"https:\/\/dev-mkg.pogoenergy.com\/wp-content\/uploads\/2023\/09\/200x200-Pogo-logo.png\" \/>\n\t<meta property=\"og:image:width\" content=\"200\" \/>\n\t<meta property=\"og:image:height\" content=\"200\" \/>\n\t<meta property=\"og:image:type\" content=\"image\/png\" \/>\n<meta name=\"twitter:card\" content=\"summary_large_image\" \/>\n<meta name=\"twitter:site\" content=\"@PogoEnergyTX\" \/>\n<meta name=\"twitter:label1\" content=\"Tiempo de lectura\" \/>\n\t<meta name=\"twitter:data1\" content=\"1 minuto\" \/>\n<script type=\"application\/ld+json\" class=\"yoast-schema-graph\">{\"@context\":\"https:\/\/schema.org\",\"@graph\":[{\"@type\":\"WebPage\",\"@id\":\"https:\/\/dev-mkg.pogoenergy.com\/es\/contract-expiration\/\",\"url\":\"https:\/\/dev-mkg.pogoenergy.com\/es\/contract-expiration\/\",\"name\":\"Vencimiento del contrato | Pogo Energy Esp\",\"isPartOf\":{\"@id\":\"https:\/\/dev-mkg.pogoenergy.com\/es\/#website\"},\"datePublished\":\"2022-11-15T17:51:50+00:00\",\"dateModified\":\"2025-11-28T14:48:35+00:00\",\"description\":\"Vencimiento del contrato Pogo Energy Esp\",\"breadcrumb\":{\"@id\":\"https:\/\/dev-mkg.pogoenergy.com\/es\/contract-expiration\/#breadcrumb\"},\"inLanguage\":\"es\",\"potentialAction\":[{\"@type\":\"ReadAction\",\"target\":[\"https:\/\/dev-mkg.pogoenergy.com\/es\/contract-expiration\/\"]}]},{\"@type\":\"BreadcrumbList\",\"@id\":\"https:\/\/dev-mkg.pogoenergy.com\/es\/contract-expiration\/#breadcrumb\",\"itemListElement\":[{\"@type\":\"ListItem\",\"position\":1,\"name\":\"Inicio\",\"item\":\"https:\/\/dev-mkg.pogoenergy.com\/es\/\"},{\"@type\":\"ListItem\",\"position\":2,\"name\":\"Vencimiento del contrato\"}]},{\"@type\":\"WebSite\",\"@id\":\"https:\/\/dev-mkg.pogoenergy.com\/es\/#website\",\"url\":\"https:\/\/dev-mkg.pogoenergy.com\/es\/\",\"name\":\"Pogo Energy Esp\",\"description\":\"Prepaid Electricity | No Deposit Electricity | Same Day Power | Electric Company\",\"publisher\":{\"@id\":\"https:\/\/dev-mkg.pogoenergy.com\/es\/#organization\"},\"alternateName\":\"Pogo Energy Electric Company in Texas providing Affordable Energy to keep your Lights On\",\"potentialAction\":[{\"@type\":\"SearchAction\",\"target\":{\"@type\":\"EntryPoint\",\"urlTemplate\":\"https:\/\/dev-mkg.pogoenergy.com\/es\/?s={search_term_string}\"},\"query-input\":{\"@type\":\"PropertyValueSpecification\",\"valueRequired\":true,\"valueName\":\"search_term_string\"}}],\"inLanguage\":\"es\"},{\"@type\":[\"Organization\",\"Place\",\"LocalBusiness\"],\"@id\":\"https:\/\/dev-mkg.pogoenergy.com\/es\/#organization\",\"name\":\"Pogo Energy\",\"alternateName\":\"Pogo Energy Electric Company Serving Texas\",\"url\":\"https:\/\/dev-mkg.pogoenergy.com\/es\/\",\"logo\":{\"@id\":\"https:\/\/dev-mkg.pogoenergy.com\/es\/contract-expiration\/#local-main-organization-logo\"},\"image\":{\"@id\":\"https:\/\/dev-mkg.pogoenergy.com\/es\/contract-expiration\/#local-main-organization-logo\"},\"sameAs\":[\"https:\/\/www.facebook.com\/pogoenergy\",\"https:\/\/x.com\/PogoEnergyTX\",\"https:\/\/www.linkedin.com\/company\/pogoenergy\",\"https:\/\/www.instagram.com\/pogoenergy\",\"https:\/\/www.threads.net\/@pogoenergy\"],\"description\":\"Pay-as-you-go electricity plans for residents and small businesses living in non-regulated areas of Texas from an electric company committed to providing 100% renewable, clean energy. We are on a mission to make it easy to get the lights turned on with no credit checks, no deposits, and our same-day power-on guarantee when you sign up before 6 p.m. Leave the BS (bill shock) behind and start saving money and the world with pay-as-you-go electricity from Pogo Energy.\",\"legalName\":\"Pogo Energy LLC\",\"foundingDate\":\"2017-03-13\",\"numberOfEmployees\":{\"@type\":\"QuantitativeValue\",\"minValue\":\"11\",\"maxValue\":\"50\"},\"address\":{\"@id\":\"https:\/\/dev-mkg.pogoenergy.com\/es\/contract-expiration\/#local-main-place-address\"},\"telephone\":[\"888-764-6669\"],\"openingHoursSpecification\":[],\"email\":\"support@dev-mkg.pogoenergy.com\",\"areaServed\":\"Texas\",\"priceRange\":\"$\"},{\"@type\":\"PostalAddress\",\"@id\":\"https:\/\/dev-mkg.pogoenergy.com\/es\/contract-expiration\/#local-main-place-address\",\"streetAddress\":\"P.O. Box 12346\",\"addressLocality\":\"Dallas\",\"postalCode\":\"75225\",\"addressRegion\":\"Texas\",\"addressCountry\":\"US\"},{\"@type\":\"ImageObject\",\"inLanguage\":\"es\",\"@id\":\"https:\/\/dev-mkg.pogoenergy.com\/es\/contract-expiration\/#local-main-organization-logo\",\"url\":\"https:\/\/dev-mkg.pogoenergy.com\/wp-content\/uploads\/2023\/09\/200x200-Pogo-logo.png\",\"contentUrl\":\"https:\/\/dev-mkg.pogoenergy.com\/wp-content\/uploads\/2023\/09\/200x200-Pogo-logo.png\",\"width\":200,\"height\":200,\"caption\":\"Pogo Energy\"}]}<\/script>\n<meta name=\"geo.placename\" content=\"Dallas\" \/>\n<meta name=\"geo.region\" content=\"Estados Unidos (EEUU)\" \/>\n<!-- \/ Yoast SEO Premium plugin. -->","yoast_head_json":{"title":"Vencimiento del contrato | Pogo Energy Esp","description":"Vencimiento del contrato Pogo Energy Esp","robots":{"index":"noindex","follow":"nofollow"},"og_locale":"es_ES","og_type":"article","og_title":"Vencimiento del contrato Pogo Energy Esp","og_description":"Vencimiento del contrato Pogo Energy Esp","og_url":"https:\/\/dev-mkg.pogoenergy.com\/es\/contract-expiration\/","og_site_name":"Pogo Energy Esp","article_publisher":"https:\/\/www.facebook.com\/pogoenergy","article_modified_time":"2025-11-28T14:48:35+00:00","og_image":[{"width":200,"height":200,"url":"https:\/\/dev-mkg.pogoenergy.com\/wp-content\/uploads\/2023\/09\/200x200-Pogo-logo.png","type":"image\/png"}],"twitter_card":"summary_large_image","twitter_site":"@PogoEnergyTX","twitter_misc":{"Tiempo de lectura":"1 minuto"},"schema":{"@context":"https:\/\/schema.org","@graph":[{"@type":"WebPage","@id":"https:\/\/dev-mkg.pogoenergy.com\/es\/contract-expiration\/","url":"https:\/\/dev-mkg.pogoenergy.com\/es\/contract-expiration\/","name":"Vencimiento del contrato | Pogo Energy Esp","isPartOf":{"@id":"https:\/\/dev-mkg.pogoenergy.com\/es\/#website"},"datePublished":"2022-11-15T17:51:50+00:00","dateModified":"2025-11-28T14:48:35+00:00","description":"Vencimiento del contrato Pogo Energy Esp","breadcrumb":{"@id":"https:\/\/dev-mkg.pogoenergy.com\/es\/contract-expiration\/#breadcrumb"},"inLanguage":"es","potentialAction":[{"@type":"ReadAction","target":["https:\/\/dev-mkg.pogoenergy.com\/es\/contract-expiration\/"]}]},{"@type":"BreadcrumbList","@id":"https:\/\/dev-mkg.pogoenergy.com\/es\/contract-expiration\/#breadcrumb","itemListElement":[{"@type":"ListItem","position":1,"name":"Inicio","item":"https:\/\/dev-mkg.pogoenergy.com\/es\/"},{"@type":"ListItem","position":2,"name":"Vencimiento del contrato"}]},{"@type":"WebSite","@id":"https:\/\/dev-mkg.pogoenergy.com\/es\/#website","url":"https:\/\/dev-mkg.pogoenergy.com\/es\/","name":"Pogo Energy Esp","description":"Prepaid Electricity | No Deposit Electricity | Same Day Power | Electric Company","publisher":{"@id":"https:\/\/dev-mkg.pogoenergy.com\/es\/#organization"},"alternateName":"Pogo Energy Electric Company in Texas providing Affordable Energy to keep your Lights On","potentialAction":[{"@type":"SearchAction","target":{"@type":"EntryPoint","urlTemplate":"https:\/\/dev-mkg.pogoenergy.com\/es\/?s={search_term_string}"},"query-input":{"@type":"PropertyValueSpecification","valueRequired":true,"valueName":"search_term_string"}}],"inLanguage":"es"},{"@type":["Organization","Place","LocalBusiness"],"@id":"https:\/\/dev-mkg.pogoenergy.com\/es\/#organization","name":"Pogo Energy","alternateName":"Pogo Energy Electric Company Serving Texas","url":"https:\/\/dev-mkg.pogoenergy.com\/es\/","logo":{"@id":"https:\/\/dev-mkg.pogoenergy.com\/es\/contract-expiration\/#local-main-organization-logo"},"image":{"@id":"https:\/\/dev-mkg.pogoenergy.com\/es\/contract-expiration\/#local-main-organization-logo"},"sameAs":["https:\/\/www.facebook.com\/pogoenergy","https:\/\/x.com\/PogoEnergyTX","https:\/\/www.linkedin.com\/company\/pogoenergy","https:\/\/www.instagram.com\/pogoenergy","https:\/\/www.threads.net\/@pogoenergy"],"description":"Pay-as-you-go electricity plans for residents and small businesses living in non-regulated areas of Texas from an electric company committed to providing 100% renewable, clean energy. We are on a mission to make it easy to get the lights turned on with no credit checks, no deposits, and our same-day power-on guarantee when you sign up before 6 p.m. Leave the BS (bill shock) behind and start saving money and the world with pay-as-you-go electricity from Pogo Energy.","legalName":"Pogo Energy LLC","foundingDate":"2017-03-13","numberOfEmployees":{"@type":"QuantitativeValue","minValue":"11","maxValue":"50"},"address":{"@id":"https:\/\/dev-mkg.pogoenergy.com\/es\/contract-expiration\/#local-main-place-address"},"telephone":["888-764-6669"],"openingHoursSpecification":[],"email":"support@dev-mkg.pogoenergy.com","areaServed":"Texas","priceRange":"$"},{"@type":"PostalAddress","@id":"https:\/\/dev-mkg.pogoenergy.com\/es\/contract-expiration\/#local-main-place-address","streetAddress":"P.O. Box 12346","addressLocality":"Dallas","postalCode":"75225","addressRegion":"Texas","addressCountry":"US"},{"@type":"ImageObject","inLanguage":"es","@id":"https:\/\/dev-mkg.pogoenergy.com\/es\/contract-expiration\/#local-main-organization-logo","url":"https:\/\/dev-mkg.pogoenergy.com\/wp-content\/uploads\/2023\/09\/200x200-Pogo-logo.png","contentUrl":"https:\/\/dev-mkg.pogoenergy.com\/wp-content\/uploads\/2023\/09\/200x200-Pogo-logo.png","width":200,"height":200,"caption":"Pogo Energy"}]},"geo.placename":"Dallas","geo.region":"Estados Unidos (EEUU)"},"featured_image_src":null,"featured_image_src_square":null,"_links":{"self":[{"href":"https:\/\/dev-mkg.pogoenergy.com\/es\/wp-json\/wp\/v2\/pages\/30339","targetHints":{"allow":["GET"]}}],"collection":[{"href":"https:\/\/dev-mkg.pogoenergy.com\/es\/wp-json\/wp\/v2\/pages"}],"about":[{"href":"https:\/\/dev-mkg.pogoenergy.com\/es\/wp-json\/wp\/v2\/types\/page"}],"author":[{"embeddable":true,"href":"https:\/\/dev-mkg.pogoenergy.com\/es\/wp-json\/wp\/v2\/users\/11"}],"replies":[{"embeddable":true,"href":"https:\/\/dev-mkg.pogoenergy.com\/es\/wp-json\/wp\/v2\/comments?post=30339"}],"version-history":[{"count":0,"href":"https:\/\/dev-mkg.pogoenergy.com\/es\/wp-json\/wp\/v2\/pages\/30339\/revisions"}],"wp:attachment":[{"href":"https:\/\/dev-mkg.pogoenergy.com\/es\/wp-json\/wp\/v2\/media?parent=30339"}],"wp:term":[{"taxonomy":"search_visibility","embeddable":true,"href":"https:\/\/dev-mkg.pogoenergy.com\/es\/wp-json\/wp\/v2\/search_visibility?post=30339"},{"taxonomy":"search_keywords","embeddable":true,"href":"https:\/\/dev-mkg.pogoenergy.com\/es\/wp-json\/wp\/v2\/search_keywords?post=30339"}],"curies":[{"name":"wp","href":"https:\/\/api.w.org\/{rel}","templated":true}]}}