{"id":30356,"date":"2022-10-24T16:14:13","date_gmt":"2022-10-24T21:14:13","guid":{"rendered":"https:\/\/stg-mkg.pogoenergy.com\/pogo-promesa\/"},"modified":"2024-11-19T12:30:28","modified_gmt":"2024-11-19T17:30:28","slug":"pogo-promesa","status":"publish","type":"page","link":"https:\/\/dev-mkg.pogoenergy.com\/es\/pogo-promesa\/","title":{"rendered":"Promesa Pogo"},"content":{"rendered":"\n<div class=\"wp-block-columns alignfull is-layout-flex wp-container-core-columns-is-layout-8dca0e93 wp-block-columns-is-layout-flex\" style=\"margin-bottom:var(--wp--preset--spacing--70)\">\n<div class=\"wp-block-column inner-hero pogo-promise-hero has-cyan-bluish-gray-background-color has-background is-layout-constrained wp-container-core-column-is-layout-70b2d511 wp-block-column-is-layout-constrained\" style=\"padding-top:130px;padding-bottom:140px;flex-basis:100%\">\n<div class=\"wp-block-group hero-content is-layout-constrained wp-container-core-group-is-layout-4508630b wp-block-group-is-layout-constrained\" style=\"padding-top:var(--wp--preset--spacing--30);padding-right:var(--wp--preset--spacing--30);padding-bottom:var(--wp--preset--spacing--30);padding-left:var(--wp--preset--spacing--30)\"><style>@media only screen and (max-width: 1200px) {.gb-69e8c01b2aeb1{font-size: 48px!important;}}@media only screen and (max-width: 600px) {.gb-69e8c01b2aeb1{line-height: 1.2!important;font-size: 32px!important;}}<\/style>\n<h1 class=\"gb-69e8c01b2aeb1 wp-block-heading title has-background-color has-text-color\" id=\"h-pogo-promise\" style=\"padding-top:0px;padding-right:0px;padding-bottom:0px;padding-left:0px;font-size:48px;font-style:normal;font-weight:600\">Promesa Pogo<\/h1>\n\n\n\n<figure class=\"wp-block-image size-full img-wave-hero\"><img decoding=\"async\" width=\"238\" height=\"36\" src=\"https:\/\/dev-mkg.pogoenergy.com\/wp-content\/uploads\/2022\/09\/wave-blue.webp\" alt=\"\" class=\"wp-image-385\"\/><\/figure>\n<\/div>\n<\/div>\n<\/div>\n\n<div class=\"wp-block-columns is-layout-flex wp-container-core-columns-is-layout-b08aae4f wp-block-columns-is-layout-flex\" style=\"padding-top:var(--wp--preset--spacing--30);padding-bottom:var(--wp--preset--spacing--40)\">\n<div class=\"wp-block-column is-layout-flow wp-block-column-is-layout-flow\" style=\"padding-bottom:var(--wp--preset--spacing--40)\">\n<div class=\"wp-block-columns alignfull is-layout-flex wp-container-core-columns-is-layout-d2da2050 wp-block-columns-is-layout-flex\" style=\"margin-bottom:0\">\n<div class=\"wp-block-column is-layout-constrained wp-container-core-column-is-layout-f6f8c0cc wp-block-column-is-layout-constrained\"><style>@media only screen and (max-width: 1200px) {.gb-69e8c01b3a1b0{font-size: 50px!important;}}@media only screen and (max-width: 600px) {.gb-69e8c01b3a1b0{font-size: 32px!important;}}<\/style>\n<h2 class=\"gb-69e8c01b3a1b0 wp-block-heading has-text-align-center has-text-color\" id=\"h-our-commitment-to-you\" style=\"color:#1427e6;margin-top:0;margin-right:0;margin-bottom:0;margin-left:0;padding-right:var(--wp--preset--spacing--60);padding-left:var(--wp--preset--spacing--60);font-size:48px;font-style:normal;font-weight:600;line-height:1.7\">Nuestro compromiso contigo<\/h2>\n<\/div>\n<\/div>\n<\/div>\n<\/div>\n\n<div class=\"wp-block-columns alignfull is-layout-flex wp-container-core-columns-is-layout-28f84493 wp-block-columns-is-layout-flex\">\n<div class=\"wp-block-column is-vertically-aligned-top is-layout-constrained wp-container-core-column-is-layout-b708b9da wp-block-column-is-layout-constrained\" style=\"padding-top:var(--wp--preset--spacing--30);padding-right:var(--wp--preset--spacing--30);padding-bottom:var(--wp--preset--spacing--30);padding-left:var(--wp--preset--spacing--30)\">\n<div class=\"wp-block-columns is-layout-flex wp-container-core-columns-is-layout-d7d455e7 wp-block-columns-is-layout-flex\" style=\"padding-top:0;padding-right:0;padding-bottom:0;padding-left:0\">\n<div class=\"wp-block-column cards cards-mobile has-background-background-color has-background is-layout-flow wp-block-column-is-layout-flow\" style=\"border-style:none;border-width:0px;padding-top:var(--wp--preset--spacing--50);padding-right:var(--wp--preset--spacing--50);padding-bottom:var(--wp--preset--spacing--50);padding-left:var(--wp--preset--spacing--50)\"><style>@media only screen and (max-width: 1200px) {.gb-69e8c01b40a99{font-size: 24px!important;}}@media only screen and (max-width: 600px) {.gb-69e8c01b40a99{font-size: 18px!important;}}<\/style>\n<h3 class=\"gb-69e8c01b40a99 wp-block-heading has-text-color\" id=\"h-our-promise\" style=\"color:#1427e6;margin-top:var(--wp--preset--spacing--40);margin-right:0;margin-bottom:0;margin-left:0;padding-top:0px;padding-right:0px;padding-bottom:0px;padding-left:0px;font-size:24px;font-style:normal;font-weight:600\"><strong>Nuestra promesa<\/strong><\/h3>\n\n\n\n<p class=\"has-text-color\" style=\"color:#414145;font-size:16px\">La Promesa Pogo es nuestro compromiso de tratarte con justicia y proporcionarte electricidad a bajo coste. Queremos tratarte bien y nos comprometemos a no utilizar trucos, artima\u00f1as ni cargos ocultos. Con Pogo nunca experimentar\u00e1s un \u00abte pill\u00e9\u00bb y puedes estar seguro de que estamos aqu\u00ed para ti. Te hacemos esta promesa.<\/p>\n<\/div>\n\n\n\n<div class=\"wp-block-column cards cards-mobile has-background-background-color has-background is-layout-flow wp-block-column-is-layout-flow\" style=\"border-style:none;border-width:0px;padding-top:var(--wp--preset--spacing--50);padding-right:var(--wp--preset--spacing--50);padding-bottom:var(--wp--preset--spacing--50);padding-left:var(--wp--preset--spacing--50)\"><style>@media only screen and (max-width: 1200px) {.gb-69e8c01b47887{font-size: 24px!important;}}@media only screen and (max-width: 600px) {.gb-69e8c01b47887{font-size: 18px!important;}}<\/style>\n<h3 class=\"gb-69e8c01b47887 wp-block-heading has-text-color\" id=\"h-power-on-guarantee\" style=\"color:#1427e6;margin-top:var(--wp--preset--spacing--40);margin-right:0;margin-bottom:0;margin-left:0;padding-top:0px;padding-right:0px;padding-bottom:0px;padding-left:0px;font-size:24px;font-style:normal;font-weight:600;line-height:1.5\"><strong>Garant\u00eda de encendido<\/strong><\/h3>\n\n\n\n<p class=\"has-text-color\" style=\"color:#414145;font-size:16px\">Nos comprometemos a mantener tu corriente. Pogo Energy no te cortar\u00e1 la corriente por la noche, los fines de semana ni durante las vacaciones, y mucho menos cuando haga un tiempo extremo (fr\u00edo o calor), seg\u00fan determine tu <strong>\n  <a href=\"https:\/\/dev-mkg.pogoenergy.com\/tdu-charges\">TDU<\/a>\n<\/strong>. Mientras tengas corriente durante la noche, el fin de semana, un d\u00eda festivo o un d\u00eda de condiciones meteorol\u00f3gicas extremas, te la mantendremos, aunque el saldo de tu cuenta sea negativo durante ese tiempo.<\/p>\n<\/div>\n<\/div>\n<\/div>\n<\/div>\n\n<div class=\"wp-block-columns alignfull is-layout-flex wp-container-core-columns-is-layout-28f84493 wp-block-columns-is-layout-flex\">\n<div class=\"wp-block-column is-vertically-aligned-top is-layout-constrained wp-container-core-column-is-layout-b708b9da wp-block-column-is-layout-constrained\" style=\"padding-top:var(--wp--preset--spacing--30);padding-right:var(--wp--preset--spacing--30);padding-bottom:var(--wp--preset--spacing--30);padding-left:var(--wp--preset--spacing--30)\">\n<div class=\"wp-block-columns is-layout-flex wp-container-core-columns-is-layout-d7d455e7 wp-block-columns-is-layout-flex\" style=\"padding-top:0;padding-right:0;padding-bottom:0;padding-left:0\">\n<div class=\"wp-block-column cards cards-mobile has-background-background-color has-background is-layout-flow wp-block-column-is-layout-flow\" style=\"border-style:none;border-width:0px;padding-top:var(--wp--preset--spacing--50);padding-right:var(--wp--preset--spacing--50);padding-bottom:var(--wp--preset--spacing--50);padding-left:var(--wp--preset--spacing--50)\"><style>@media only screen and (max-width: 1200px) {.gb-69e8c01b4f272{font-size: 24px!important;}}@media only screen and (max-width: 600px) {.gb-69e8c01b4f272{font-size: 18px!important;}}<\/style>\n<h3 class=\"gb-69e8c01b4f272 wp-block-heading has-text-color\" id=\"h-satisfaction-guarantee\" style=\"color:#1427e6;margin-top:var(--wp--preset--spacing--40);margin-right:0;margin-bottom:0;margin-left:0;padding-top:0px;padding-right:0px;padding-bottom:0px;padding-left:0px;font-size:24px;font-style:normal;font-weight:600\"><strong>Garant\u00eda de satisfacci\u00f3n<\/strong><\/h3>\n\n\n\n<p class=\"has-text-color\" style=\"color:#414145;font-size:16px\">Nos comprometemos a mantenerte contento. Estamos tan seguros de que te encantar\u00e1 Pogo que, si en alg\u00fan momento no est\u00e1s satisfecho con nuestro servicio, puedes cambiarte a otro proveedor, sin penalizaci\u00f3n alguna, y te reembolsaremos el saldo de servicio no utilizado (neto de cualquier tarifa de impresi\u00f3n y correo). Ten en cuenta que los clientes con un plan de pago diferido (PPD) tendr\u00e1n que pagar su saldo pendiente antes de cambiarse.<\/p>\n<\/div>\n\n\n\n<div class=\"wp-block-column cards cards-mobile has-background-background-color has-background is-layout-flow wp-block-column-is-layout-flow\" style=\"border-style:none;border-width:0px;padding-top:var(--wp--preset--spacing--50);padding-right:var(--wp--preset--spacing--50);padding-bottom:var(--wp--preset--spacing--50);padding-left:var(--wp--preset--spacing--50)\"><style>@media only screen and (max-width: 1200px) {.gb-69e8c01b567e6{font-size: 24px!important;}}@media only screen and (max-width: 600px) {.gb-69e8c01b567e6{font-size: 18px!important;}}<\/style>\n<h3 class=\"gb-69e8c01b567e6 wp-block-heading has-text-color\" id=\"h-pre-approved-payment-plans\" style=\"color:#1427e6;margin-top:var(--wp--preset--spacing--40);margin-right:0;margin-bottom:0;margin-left:0;padding-top:0px;padding-right:0px;padding-bottom:0px;padding-left:0px;font-size:24px;font-style:normal;font-weight:600;line-height:1.5\"><strong>Planes de pago preaprobados<\/strong><\/h3>\n\n\n\n<p class=\"has-text-color\" style=\"color:#414145;font-size:16px\">Nos comprometemos a ayudarte cuando lo necesites. Ofrecemos a nuestros clientes un <a href=\"https:\/\/dev-mkg.pogoenergy.com\/es\/soporte\/asistencia-energetica\/plan-de-pago-aplazado\/\">plan de pago diferido (PPD<\/a> ) sin comisiones, intereses ni comprobaciones de cr\u00e9dito (hasta 10 $ inicialmente). De este modo, si alguna vez el saldo de tu cuenta es negativo y necesitas un poco de ayuda para pagar ese saldo, te tenemos cubierto.<\/p>\n<\/div>\n<\/div>\n<\/div>\n<\/div>\n\n<div class=\"wp-block-buttons hero-button is-horizontal is-content-justification-center is-layout-flex wp-container-core-buttons-is-layout-ef5ce59c wp-block-buttons-is-layout-flex\">\n<div class=\"wp-block-button alignright is-style-fill\"><a class=\"wp-block-button__link has-text-color has-background wp-element-button\" href=\"https:\/\/dev-mkg.pogoenergy.com\/contact\" style=\"border-radius:100px;color:#1427e6;background-color:#6ee229;padding-top:var(--wp--preset--spacing--40);padding-right:var(--wp--preset--spacing--50);padding-bottom:var(--wp--preset--spacing--40);padding-left:var(--wp--preset--spacing--50)\"><strong>Contacta con nosotros<\/strong><\/a><\/div>\n<\/div>\n\n<div class=\"wp-block-columns alignfull is-layout-flex wp-container-core-columns-is-layout-a1e153c5 wp-block-columns-is-layout-flex\" style=\"margin-top:3rem;margin-bottom:3rem\">\n<div class=\"wp-block-column is-vertically-aligned-top is-content-justification-center is-layout-constrained wp-container-core-column-is-layout-f2ca5b04 wp-block-column-is-layout-constrained\" style=\"padding-top:var(--wp--preset--spacing--30);padding-right:var(--wp--preset--spacing--30);padding-bottom:var(--wp--preset--spacing--30);padding-left:var(--wp--preset--spacing--30)\">\n<div class=\"wp-block-buttons buttons is-horizontal is-content-justification-center is-layout-flex wp-container-core-buttons-is-layout-ef5ce59c wp-block-buttons-is-layout-flex\">\n<div class=\"wp-block-button alignright is-style-fill\"><a class=\"wp-block-button__link has-background-color has-text-color has-background wp-element-button\" href=\"https:\/\/my.dev-mkg.pogoenergy.com\/enroll\" style=\"border-radius:100px;background-color:#1427e6;padding-top:var(--wp--preset--spacing--40);padding-right:var(--wp--preset--spacing--70);padding-bottom:var(--wp--preset--spacing--40);padding-left:var(--wp--preset--spacing--70)\"><strong>Inscr\u00edbete ahora<\/strong><\/a><\/div>\n\n\n\n<div class=\"wp-block-button alignright is-style-outline is-style-outline--1\"><a class=\"wp-block-button__link has-text-color wp-element-button\" href=\"https:\/\/dev-mkg.pogoenergy.com\/es\/soporte\/ayuda\/#chat\" style=\"border-radius:100px;color:#414145;padding-top:var(--wp--preset--spacing--40);padding-right:var(--wp--preset--spacing--70);padding-bottom:var(--wp--preset--spacing--40);padding-left:var(--wp--preset--spacing--70)\"><strong>Chatea con nosotros<\/strong><\/a><\/div>\n<\/div>\n<\/div>\n<\/div>\n","protected":false},"excerpt":{"rendered":"<p>Promesa Pogo Nuestro compromiso contigo Nuestra promesa La Promesa Pogo es nuestro compromiso de tratarte con justicia y proporcionarte electricidad a bajo coste. Queremos tratarte bien y nos comprometemos a no utilizar trucos, artima\u00f1as ni cargos ocultos. Con Pogo nunca experimentar\u00e1s un \u00abte pill\u00e9\u00bb y puedes estar seguro de que estamos aqu\u00ed para ti. Te [&hellip;]<\/p>\n","protected":false},"author":11,"featured_media":31541,"parent":0,"menu_order":0,"comment_status":"closed","ping_status":"closed","template":"","meta":{"custom_body_class":"","footnotes":""},"search_visibility":[],"search_keywords":[],"class_list":["post-30356","page","type-page","status-publish","has-post-thumbnail","hentry"],"yoast_head":"<!-- This site is optimized with the Yoast SEO Premium plugin v26.5 (Yoast SEO v27.2) - https:\/\/yoast.com\/product\/yoast-seo-premium-wordpress\/ -->\n<title>Promesa Pogo | Prepago de electricidad<\/title>\n<meta name=\"description\" content=\"La Promesa de Pogo es nuestro compromiso con nuestros clientes de ser siempre honestos, justos y proporcionar electricidad prepago a bajo coste.\" \/>\n<meta name=\"robots\" content=\"noindex, follow, max-snippet:-1, max-image-preview:large, max-video-preview:-1\" \/>\n<meta property=\"og:locale\" content=\"es_ES\" \/>\n<meta property=\"og:type\" content=\"article\" \/>\n<meta property=\"og:title\" content=\"Promesa Pogo Pogo Energy Esp\" \/>\n<meta property=\"og:description\" content=\"Promesa Pogo Pogo Energy Esp\" \/>\n<meta property=\"og:url\" content=\"https:\/\/dev-mkg.pogoenergy.com\/es\/pogo-promesa\/\" \/>\n<meta property=\"og:site_name\" content=\"Pogo Energy Esp\" \/>\n<meta property=\"article:publisher\" content=\"https:\/\/www.facebook.com\/pogoenergy\" \/>\n<meta property=\"article:modified_time\" content=\"2024-11-19T17:30:28+00:00\" \/>\n<meta property=\"og:image\" content=\"https:\/\/dev-mkg.pogoenergy.com\/wp-content\/uploads\/2023\/09\/200x200-Pogo-logo.png\" \/>\n<meta name=\"twitter:card\" content=\"summary_large_image\" \/>\n<meta name=\"twitter:site\" content=\"@PogoEnergyTX\" \/>\n<meta name=\"twitter:label1\" content=\"Tiempo de lectura\" \/>\n\t<meta name=\"twitter:data1\" content=\"2 minutos\" \/>\n<script type=\"application\/ld+json\" class=\"yoast-schema-graph\">{\"@context\":\"https:\/\/schema.org\",\"@graph\":[{\"@type\":\"WebPage\",\"@id\":\"https:\/\/dev-mkg.pogoenergy.com\/es\/pogo-promesa\/\",\"url\":\"https:\/\/dev-mkg.pogoenergy.com\/es\/pogo-promesa\/\",\"name\":\"Promesa Pogo | Prepago de electricidad\",\"isPartOf\":{\"@id\":\"https:\/\/dev-mkg.pogoenergy.com\/es\/#website\"},\"primaryImageOfPage\":{\"@id\":\"https:\/\/dev-mkg.pogoenergy.com\/es\/pogo-promesa\/#primaryimage\"},\"image\":{\"@id\":\"https:\/\/dev-mkg.pogoenergy.com\/es\/pogo-promesa\/#primaryimage\"},\"thumbnailUrl\":\"https:\/\/dev-mkg.pogoenergy.com\/wp-content\/uploads\/2023\/09\/200x200-Pogo-logo.png\",\"datePublished\":\"2022-10-24T21:14:13+00:00\",\"dateModified\":\"2024-11-19T17:30:28+00:00\",\"description\":\"La Promesa de Pogo es nuestro compromiso con nuestros clientes de ser siempre honestos, justos y proporcionar electricidad prepago a bajo coste.\",\"breadcrumb\":{\"@id\":\"https:\/\/dev-mkg.pogoenergy.com\/es\/pogo-promesa\/#breadcrumb\"},\"inLanguage\":\"es\",\"potentialAction\":[{\"@type\":\"ReadAction\",\"target\":[\"https:\/\/dev-mkg.pogoenergy.com\/es\/pogo-promesa\/\"]}]},{\"@type\":\"ImageObject\",\"inLanguage\":\"es\",\"@id\":\"https:\/\/dev-mkg.pogoenergy.com\/es\/pogo-promesa\/#primaryimage\",\"url\":\"https:\/\/dev-mkg.pogoenergy.com\/wp-content\/uploads\/2023\/09\/200x200-Pogo-logo.png\",\"contentUrl\":\"https:\/\/dev-mkg.pogoenergy.com\/wp-content\/uploads\/2023\/09\/200x200-Pogo-logo.png\",\"width\":200,\"height\":200,\"caption\":\"Electricidad el\u00e9ctrica Pogo en Texas\"},{\"@type\":\"BreadcrumbList\",\"@id\":\"https:\/\/dev-mkg.pogoenergy.com\/es\/pogo-promesa\/#breadcrumb\",\"itemListElement\":[{\"@type\":\"ListItem\",\"position\":1,\"name\":\"Inicio\",\"item\":\"https:\/\/dev-mkg.pogoenergy.com\/es\/\"},{\"@type\":\"ListItem\",\"position\":2,\"name\":\"Promesa Pogo\"}]},{\"@type\":\"WebSite\",\"@id\":\"https:\/\/dev-mkg.pogoenergy.com\/es\/#website\",\"url\":\"https:\/\/dev-mkg.pogoenergy.com\/es\/\",\"name\":\"Pogo Energy Esp\",\"description\":\"Prepaid Electricity | No Deposit Electricity | Same Day Power | Electric Company\",\"publisher\":{\"@id\":\"https:\/\/dev-mkg.pogoenergy.com\/es\/#organization\"},\"alternateName\":\"Pogo Energy Electric Company in Texas providing Affordable Energy to keep your Lights On\",\"potentialAction\":[{\"@type\":\"SearchAction\",\"target\":{\"@type\":\"EntryPoint\",\"urlTemplate\":\"https:\/\/dev-mkg.pogoenergy.com\/es\/?s={search_term_string}\"},\"query-input\":{\"@type\":\"PropertyValueSpecification\",\"valueRequired\":true,\"valueName\":\"search_term_string\"}}],\"inLanguage\":\"es\"},{\"@type\":[\"Organization\",\"Place\",\"LocalBusiness\"],\"@id\":\"https:\/\/dev-mkg.pogoenergy.com\/es\/#organization\",\"name\":\"Pogo Energy\",\"alternateName\":\"Pogo Energy Electric Company Serving Texas\",\"url\":\"https:\/\/dev-mkg.pogoenergy.com\/es\/\",\"logo\":{\"@id\":\"https:\/\/dev-mkg.pogoenergy.com\/es\/pogo-promesa\/#local-main-organization-logo\"},\"image\":{\"@id\":\"https:\/\/dev-mkg.pogoenergy.com\/es\/pogo-promesa\/#local-main-organization-logo\"},\"sameAs\":[\"https:\/\/www.facebook.com\/pogoenergy\",\"https:\/\/x.com\/PogoEnergyTX\",\"https:\/\/www.linkedin.com\/company\/pogoenergy\",\"https:\/\/www.instagram.com\/pogoenergy\",\"https:\/\/www.threads.net\/@pogoenergy\"],\"description\":\"Pay-as-you-go electricity plans for residents and small businesses living in non-regulated areas of Texas from an electric company committed to providing 100% renewable, clean energy. We are on a mission to make it easy to get the lights turned on with no credit checks, no deposits, and our same-day power-on guarantee when you sign up before 6 p.m. Leave the BS (bill shock) behind and start saving money and the world with pay-as-you-go electricity from Pogo Energy.\",\"legalName\":\"Pogo Energy LLC\",\"foundingDate\":\"2017-03-13\",\"numberOfEmployees\":{\"@type\":\"QuantitativeValue\",\"minValue\":\"11\",\"maxValue\":\"50\"},\"address\":{\"@id\":\"https:\/\/dev-mkg.pogoenergy.com\/es\/pogo-promesa\/#local-main-place-address\"},\"telephone\":[\"888-764-6669\"],\"openingHoursSpecification\":[],\"email\":\"support@dev-mkg.pogoenergy.com\",\"areaServed\":\"Texas\",\"priceRange\":\"$\"},{\"@type\":\"PostalAddress\",\"@id\":\"https:\/\/dev-mkg.pogoenergy.com\/es\/pogo-promesa\/#local-main-place-address\",\"streetAddress\":\"P.O. Box 12346\",\"addressLocality\":\"Dallas\",\"postalCode\":\"75225\",\"addressRegion\":\"Texas\",\"addressCountry\":\"US\"},{\"@type\":\"ImageObject\",\"inLanguage\":\"es\",\"@id\":\"https:\/\/dev-mkg.pogoenergy.com\/es\/pogo-promesa\/#local-main-organization-logo\",\"url\":\"https:\/\/dev-mkg.pogoenergy.com\/wp-content\/uploads\/2023\/09\/200x200-Pogo-logo.png\",\"contentUrl\":\"https:\/\/dev-mkg.pogoenergy.com\/wp-content\/uploads\/2023\/09\/200x200-Pogo-logo.png\",\"width\":200,\"height\":200,\"caption\":\"Pogo Energy\"}]}<\/script>\n<meta name=\"geo.placename\" content=\"Dallas\" \/>\n<meta name=\"geo.region\" content=\"Estados Unidos (EEUU)\" \/>\n<!-- \/ Yoast SEO Premium plugin. -->","yoast_head_json":{"title":"Promesa Pogo | Prepago de electricidad","description":"La Promesa de Pogo es nuestro compromiso con nuestros clientes de ser siempre honestos, justos y proporcionar electricidad prepago a bajo coste.","robots":{"index":"noindex","follow":"follow","max-snippet":"max-snippet:-1","max-image-preview":"max-image-preview:large","max-video-preview":"max-video-preview:-1"},"og_locale":"es_ES","og_type":"article","og_title":"Promesa Pogo Pogo Energy Esp","og_description":"Promesa Pogo Pogo Energy Esp","og_url":"https:\/\/dev-mkg.pogoenergy.com\/es\/pogo-promesa\/","og_site_name":"Pogo Energy Esp","article_publisher":"https:\/\/www.facebook.com\/pogoenergy","article_modified_time":"2024-11-19T17:30:28+00:00","og_image":[{"url":"https:\/\/dev-mkg.pogoenergy.com\/wp-content\/uploads\/2023\/09\/200x200-Pogo-logo.png","type":"","width":"","height":""}],"twitter_card":"summary_large_image","twitter_site":"@PogoEnergyTX","twitter_misc":{"Tiempo de lectura":"2 minutos"},"schema":{"@context":"https:\/\/schema.org","@graph":[{"@type":"WebPage","@id":"https:\/\/dev-mkg.pogoenergy.com\/es\/pogo-promesa\/","url":"https:\/\/dev-mkg.pogoenergy.com\/es\/pogo-promesa\/","name":"Promesa Pogo | Prepago de electricidad","isPartOf":{"@id":"https:\/\/dev-mkg.pogoenergy.com\/es\/#website"},"primaryImageOfPage":{"@id":"https:\/\/dev-mkg.pogoenergy.com\/es\/pogo-promesa\/#primaryimage"},"image":{"@id":"https:\/\/dev-mkg.pogoenergy.com\/es\/pogo-promesa\/#primaryimage"},"thumbnailUrl":"https:\/\/dev-mkg.pogoenergy.com\/wp-content\/uploads\/2023\/09\/200x200-Pogo-logo.png","datePublished":"2022-10-24T21:14:13+00:00","dateModified":"2024-11-19T17:30:28+00:00","description":"La Promesa de Pogo es nuestro compromiso con nuestros clientes de ser siempre honestos, justos y proporcionar electricidad prepago a bajo coste.","breadcrumb":{"@id":"https:\/\/dev-mkg.pogoenergy.com\/es\/pogo-promesa\/#breadcrumb"},"inLanguage":"es","potentialAction":[{"@type":"ReadAction","target":["https:\/\/dev-mkg.pogoenergy.com\/es\/pogo-promesa\/"]}]},{"@type":"ImageObject","inLanguage":"es","@id":"https:\/\/dev-mkg.pogoenergy.com\/es\/pogo-promesa\/#primaryimage","url":"https:\/\/dev-mkg.pogoenergy.com\/wp-content\/uploads\/2023\/09\/200x200-Pogo-logo.png","contentUrl":"https:\/\/dev-mkg.pogoenergy.com\/wp-content\/uploads\/2023\/09\/200x200-Pogo-logo.png","width":200,"height":200,"caption":"Electricidad el\u00e9ctrica Pogo en Texas"},{"@type":"BreadcrumbList","@id":"https:\/\/dev-mkg.pogoenergy.com\/es\/pogo-promesa\/#breadcrumb","itemListElement":[{"@type":"ListItem","position":1,"name":"Inicio","item":"https:\/\/dev-mkg.pogoenergy.com\/es\/"},{"@type":"ListItem","position":2,"name":"Promesa Pogo"}]},{"@type":"WebSite","@id":"https:\/\/dev-mkg.pogoenergy.com\/es\/#website","url":"https:\/\/dev-mkg.pogoenergy.com\/es\/","name":"Pogo Energy Esp","description":"Prepaid Electricity | No Deposit Electricity | Same Day Power | Electric Company","publisher":{"@id":"https:\/\/dev-mkg.pogoenergy.com\/es\/#organization"},"alternateName":"Pogo Energy Electric Company in Texas providing Affordable Energy to keep your Lights On","potentialAction":[{"@type":"SearchAction","target":{"@type":"EntryPoint","urlTemplate":"https:\/\/dev-mkg.pogoenergy.com\/es\/?s={search_term_string}"},"query-input":{"@type":"PropertyValueSpecification","valueRequired":true,"valueName":"search_term_string"}}],"inLanguage":"es"},{"@type":["Organization","Place","LocalBusiness"],"@id":"https:\/\/dev-mkg.pogoenergy.com\/es\/#organization","name":"Pogo Energy","alternateName":"Pogo Energy Electric Company Serving Texas","url":"https:\/\/dev-mkg.pogoenergy.com\/es\/","logo":{"@id":"https:\/\/dev-mkg.pogoenergy.com\/es\/pogo-promesa\/#local-main-organization-logo"},"image":{"@id":"https:\/\/dev-mkg.pogoenergy.com\/es\/pogo-promesa\/#local-main-organization-logo"},"sameAs":["https:\/\/www.facebook.com\/pogoenergy","https:\/\/x.com\/PogoEnergyTX","https:\/\/www.linkedin.com\/company\/pogoenergy","https:\/\/www.instagram.com\/pogoenergy","https:\/\/www.threads.net\/@pogoenergy"],"description":"Pay-as-you-go electricity plans for residents and small businesses living in non-regulated areas of Texas from an electric company committed to providing 100% renewable, clean energy. We are on a mission to make it easy to get the lights turned on with no credit checks, no deposits, and our same-day power-on guarantee when you sign up before 6 p.m. Leave the BS (bill shock) behind and start saving money and the world with pay-as-you-go electricity from Pogo Energy.","legalName":"Pogo Energy LLC","foundingDate":"2017-03-13","numberOfEmployees":{"@type":"QuantitativeValue","minValue":"11","maxValue":"50"},"address":{"@id":"https:\/\/dev-mkg.pogoenergy.com\/es\/pogo-promesa\/#local-main-place-address"},"telephone":["888-764-6669"],"openingHoursSpecification":[],"email":"support@dev-mkg.pogoenergy.com","areaServed":"Texas","priceRange":"$"},{"@type":"PostalAddress","@id":"https:\/\/dev-mkg.pogoenergy.com\/es\/pogo-promesa\/#local-main-place-address","streetAddress":"P.O. Box 12346","addressLocality":"Dallas","postalCode":"75225","addressRegion":"Texas","addressCountry":"US"},{"@type":"ImageObject","inLanguage":"es","@id":"https:\/\/dev-mkg.pogoenergy.com\/es\/pogo-promesa\/#local-main-organization-logo","url":"https:\/\/dev-mkg.pogoenergy.com\/wp-content\/uploads\/2023\/09\/200x200-Pogo-logo.png","contentUrl":"https:\/\/dev-mkg.pogoenergy.com\/wp-content\/uploads\/2023\/09\/200x200-Pogo-logo.png","width":200,"height":200,"caption":"Pogo Energy"}]},"geo.placename":"Dallas","geo.region":"Estados Unidos (EEUU)"},"featured_image_src":"https:\/\/dev-mkg.pogoenergy.com\/wp-content\/uploads\/2023\/09\/200x200-Pogo-logo.png","featured_image_src_square":"https:\/\/dev-mkg.pogoenergy.com\/wp-content\/uploads\/2023\/09\/200x200-Pogo-logo.png","_links":{"self":[{"href":"https:\/\/dev-mkg.pogoenergy.com\/es\/wp-json\/wp\/v2\/pages\/30356","targetHints":{"allow":["GET"]}}],"collection":[{"href":"https:\/\/dev-mkg.pogoenergy.com\/es\/wp-json\/wp\/v2\/pages"}],"about":[{"href":"https:\/\/dev-mkg.pogoenergy.com\/es\/wp-json\/wp\/v2\/types\/page"}],"author":[{"embeddable":true,"href":"https:\/\/dev-mkg.pogoenergy.com\/es\/wp-json\/wp\/v2\/users\/11"}],"replies":[{"embeddable":true,"href":"https:\/\/dev-mkg.pogoenergy.com\/es\/wp-json\/wp\/v2\/comments?post=30356"}],"version-history":[{"count":0,"href":"https:\/\/dev-mkg.pogoenergy.com\/es\/wp-json\/wp\/v2\/pages\/30356\/revisions"}],"wp:featuredmedia":[{"embeddable":true,"href":"https:\/\/dev-mkg.pogoenergy.com\/es\/wp-json\/wp\/v2\/media\/31541"}],"wp:attachment":[{"href":"https:\/\/dev-mkg.pogoenergy.com\/es\/wp-json\/wp\/v2\/media?parent=30356"}],"wp:term":[{"taxonomy":"search_visibility","embeddable":true,"href":"https:\/\/dev-mkg.pogoenergy.com\/es\/wp-json\/wp\/v2\/search_visibility?post=30356"},{"taxonomy":"search_keywords","embeddable":true,"href":"https:\/\/dev-mkg.pogoenergy.com\/es\/wp-json\/wp\/v2\/search_keywords?post=30356"}],"curies":[{"name":"wp","href":"https:\/\/api.w.org\/{rel}","templated":true}]}}