{"id":32951,"date":"2024-12-11T10:48:21","date_gmt":"2024-12-11T15:48:21","guid":{"rendered":"https:\/\/stg-mkg.pogoenergy.com\/actualiza-20241227\/"},"modified":"2024-12-11T10:49:00","modified_gmt":"2024-12-11T15:49:00","slug":"actualiza-20241227","status":"publish","type":"page","link":"https:\/\/dev-mkg.pogoenergy.com\/es\/actualiza-20241227\/","title":{"rendered":"Actualiza 20241227"},"content":{"rendered":"\n<div class=\"wp-block-columns is-layout-flex wp-container-core-columns-is-layout-401bc43b wp-block-columns-is-layout-flex\" style=\"margin-top:0;margin-bottom:0;padding-top:0;padding-bottom:0\">\n<div class=\"wp-block-column is-layout-constrained wp-container-core-column-is-layout-e7e328c0 wp-block-column-is-layout-constrained\" style=\"padding-top:0;padding-right:0;padding-bottom:0;padding-left:0\">\n<div style=\"color:#ddd\" class=\"wp-block-genesis-blocks-gb-spacer gb-block-spacer gb-divider-solid gb-divider-size-1\"><hr style=\"height:30px\"><\/div>\n\n\n\n<h1 class=\"wp-block-heading has-text-color\" id=\"h-important-notice-regarding-changes-to-your-contract\" style=\"color:#1426e5;font-size:48px;font-style:normal;font-weight:600\">Aviso importante sobre cambios en tu contrato<\/h1>\n\n\n\n<hr class=\"wp-block-separator has-text-color has-alpha-channel-opacity has-background is-style-wide\" style=\"background-color:#9fafb87a;color:#9fafb87a\"\/>\n<\/div>\n<\/div>\n\n<div class=\"wp-block-columns is-layout-flex wp-container-core-columns-is-layout-d7d455e7 wp-block-columns-is-layout-flex\" style=\"padding-top:0;padding-right:0;padding-bottom:0;padding-left:0\">\n<div class=\"wp-block-column is-layout-constrained wp-container-core-column-is-layout-e7e328c0 wp-block-column-is-layout-constrained\" style=\"padding-top:0;padding-right:0;padding-bottom:0;padding-left:0\">\n<p style=\"padding-top:0;padding-right:0;padding-bottom:0;padding-left:0\">A partir del 27 de diciembre de 2024, vamos a introducir algunos cambios en nuestras Condiciones de servicio y en la Declaraci\u00f3n de divulgaci\u00f3n de prepago. Estos cambios incluyen actualizaciones de nuestras tarifas de servicio. No es necesaria ninguna acci\u00f3n por tu parte, pero si quieres saber m\u00e1s, puedes encontrar los detalles a continuaci\u00f3n.  <\/p>\n\n\n\n<p style=\"padding-top:0;padding-right:0;padding-bottom:0;padding-left:0\">Los siguientes cambios entran en vigor a los 14 d\u00edas de la fecha de este aviso. Hemos eliminado el cargo diario de 0,30 $ para todos los clientes. Adem\u00e1s, hemos a\u00f1adido las condiciones de la Tarifa por Bajo Consumo; esta tarifa se aplicar\u00e1 cuando tu consumo diario de energ\u00eda sea inferior a 16,0 kWh.  <\/p>\n\n\n\n<p style=\"padding-top:0;padding-right:0;padding-bottom:0;padding-left:0\">Al seguir utilizando nuestros servicios despu\u00e9s del 27 de diciembre de 2024, aceptas las Condiciones del servicio actualizadas y otros documentos normativos.<\/p>\n\n\n\n<p style=\"padding-top:0;padding-right:0;padding-bottom:0;padding-left:0\">Si no aceptas estos cambios, debes cambiarte a otro<strong>proveedor minorista<\/strong> de electricidad antes de la fecha de entrada en vigor de este cambio.<br\/><br\/><strong>TEN EN CUENTA: ESTABLECER EL SERVICIO CON OTRO PROVEEDOR MINORISTA DE ENERG\u00cdA PUEDE TARDAR HASTA SIETE D\u00cdAS H\u00c1BILES.<\/strong><\/p>\n\n\n\n<div class=\"wp-block-genesis-blocks-gb-accordion accordion-mid gb-block-accordion\"><details><summary class=\"gb-accordion-title\">New Terms of Service and Prepaid Disclosure Statement<\/summary><div class=\"gb-accordion-text\">\n<ul class=\"wp-block-list\">\n<li><a href=\"\/wp-content\/uploads\/2024\/12\/Pogo-Energy-TOS-20241227.pdf\">Condiciones del servicio<\/a><a href=\"\/wp-content\/uploads\/2024\/12\/Pogo-Energy-TOS-20241227.pdf\" target=\"_blank\" rel=\"noreferrer noopener\">)<\/a><\/li>\n\n\n\n<li><a href=\"\/wp-content\/uploads\/2024\/12\/Pogo-Energy-PDS-20241227.pdf\">Declaraci\u00f3n Prepagada (PDS)<\/a><a href=\"\/wp-content\/uploads\/2024\/12\/Pogo-Energy-PDS-20241227.pdf\" target=\"_blank\" rel=\"noreferrer noopener\">)<\/a><\/li>\n<\/ul>\n<\/div><\/details><\/div>\n\n\n\n<div class=\"wp-block-genesis-blocks-gb-accordion accordion-mid gb-block-accordion\"><details><summary class=\"gb-accordion-title\">New Electricity Fact Labels (EFLs)<\/summary><div class=\"gb-accordion-text\">\n<ul class=\"wp-block-list\">\n<li><a href=\"\/wp-content\/uploads\/2024\/12\/Pogo-Energy-EFL-PIA-20241227.pdf\" target=\"_blank\" rel=\"noreferrer noopener\">EFL: Pay In Advance Plan<\/a><\/li>\n\n\n\n<li><a href=\"\/wp-content\/uploads\/2024\/12\/Pogo-Energy-EFL-PIAPH-20241227.pdf\" target=\"_blank\" rel=\"noreferrer noopener\">EFL: Pay In Advance PH Plan<\/a><\/li>\n\n\n\n<li><a href=\"\/wp-content\/uploads\/2024\/12\/Pogo-Energy-EFL-CEP-20241227.pdf\" target=\"_blank\" rel=\"noreferrer noopener\">EFL: 100% Clean Energy Plan<\/a><\/li>\n\n\n\n<li><a href=\"\/wp-content\/uploads\/2024\/12\/Pogo-Energy-EFL-CEP2-20241227.pdf\" target=\"_blank\" rel=\"noreferrer noopener\">EFL: 100% Clean Energy Plan 2<\/a><\/li>\n\n\n\n<li><a href=\"\/wp-content\/uploads\/2024\/12\/Pogo-Energy-EFL-CEP3-20241227.pdf\" target=\"_blank\" rel=\"noreferrer noopener\">EFL: 100% Clean Energy Plan 3<\/a><\/li>\n\n\n\n<li><a href=\"\/wp-content\/uploads\/2024\/12\/Pogo-Energy-EFL-CEP4-20241227.pdf\" target=\"_blank\" rel=\"noreferrer noopener\">EFL: 100% Clean Energy Plan 4<\/a><\/li>\n\n\n\n<li><a href=\"\/wp-content\/uploads\/2024\/12\/Pogo-Energy-EFL-CEP5-20241227.pdf\" target=\"_blank\" rel=\"noreferrer noopener\">EFL: 100% Clean Energy Plan 5<\/a><\/li>\n\n\n\n<li><a href=\"\/wp-content\/uploads\/2024\/12\/Pogo-Energy-EFL-CEP6-20241227.pdf\" target=\"_blank\" rel=\"noreferrer noopener\">EFL: 100% Clean Energy Plan 6<\/a><\/li>\n\n\n\n<li><a href=\"\/wp-content\/uploads\/2024\/12\/Pogo-Energy-EFL-CEP7-20241227.pdf\" target=\"_blank\" rel=\"noreferrer noopener\">EFL: 100% Clean Energy Plan 7<\/a><\/li>\n\n\n\n<li><a href=\"\/wp-content\/uploads\/2024\/12\/Pogo-Energy-EFL-CEP8-20241227.pdf\" target=\"_blank\" rel=\"noreferrer noopener\">EFL: 100% Clean Energy Plan 8<\/a><\/li>\n\n\n\n<li><a href=\"\/wp-content\/uploads\/2024\/12\/Pogo-Energy-EFL-CEP9-20241227.pdf\" target=\"_blank\" rel=\"noreferrer noopener\">EFL: 100% Clean Energy Plan 9<\/a><\/li>\n\n\n\n<li><a href=\"\/wp-content\/uploads\/2024\/12\/Pogo-Energy-EFL-CEP10-20241227.pdf\" target=\"_blank\" rel=\"noreferrer noopener\">EFL: 100% Clean Energy Plan 10<\/a><\/li>\n\n\n\n<li><a href=\"\/wp-content\/uploads\/2024\/12\/Pogo-Energy-EFL-CEP11-20241227.pdf\" target=\"_blank\" rel=\"noreferrer noopener\">EFL: 100% Clean Energy Plan 11<\/a><\/li>\n\n\n\n<li><a href=\"\/wp-content\/uploads\/2024\/12\/Pogo-Energy-EFL-CEP12-20241227.pdf\" target=\"_blank\" rel=\"noreferrer noopener\">EFL: 100% Clean Energy Plan 12<\/a><\/li>\n\n\n\n<li><a href=\"\/wp-content\/uploads\/2024\/12\/Pogo-Energy-EFL-CEP13-20241227.pdf\" target=\"_blank\" rel=\"noreferrer noopener\">EFL: 100% Clean Energy Plan 13<\/a><\/li>\n\n\n\n<li><a href=\"\/wp-content\/uploads\/2024\/12\/Pogo-Energy-EFL-CEP14-20241227.pdf\" target=\"_blank\" rel=\"noreferrer noopener\">EFL: 100% Clean Energy Plan 14<\/a><\/li>\n\n\n\n<li><a href=\"\/wp-content\/uploads\/2024\/12\/Pogo-Energy-EFL-CEP15-20241227.pdf\" target=\"_blank\" rel=\"noreferrer noopener\">EFL: 100% Clean Energy Plan 15<\/a><\/li>\n\n\n\n<li><a href=\"\/wp-content\/uploads\/2024\/12\/Pogo-Energy-EFL-CEP16-20241227.pdf\" target=\"_blank\" rel=\"noreferrer noopener\">EFL: Plan de energ\u00eda 100% limpia 16<\/a><\/li>\n<\/ul>\n\n\n\n<div style=\"height:20px\" aria-hidden=\"true\" class=\"wp-block-spacer\"><\/div>\n<\/div><\/details><\/div>\n\n\n\n<p style=\"padding-top:0;padding-right:0;padding-bottom:0;padding-left:0\">Thanks for being a Pogo customer!<\/p>\n\n\n\n<div class=\"wp-block-columns is-layout-flex wp-container-core-columns-is-layout-d7d455e7 wp-block-columns-is-layout-flex\" style=\"padding-top:0;padding-right:0;padding-bottom:0;padding-left:0\">\n<div class=\"wp-block-column is-layout-flow wp-block-column-is-layout-flow\">\n<h3 class=\"wp-block-heading has-text-color\" id=\"h-contact-us\" style=\"color:#1426e5;font-size:36px;font-style:normal;font-weight:600\">Contacta con nosotros<\/h3>\n\n\n\n<p><a href=\"\/chat\">Chat web<\/a><br\/>Env\u00edanos un mensaje de texto @ 24197<br\/><a href=\"mailto:support@dev-mkg.pogoenergy.com\">Correo electr\u00f3nico<\/a><br\/>Ll\u00e1manos @ <a href=\"tel:8887646669\">888.764.6669<\/a><\/p>\n\n\n\n<p><\/p>\n<\/div>\n\n\n\n<div class=\"wp-block-column is-layout-flow wp-block-column-is-layout-flow\">\n<h3 class=\"wp-block-heading has-text-color\" id=\"h-hours-of-operation\" style=\"color:#1426e5;font-size:36px;font-style:normal;font-weight:600\">Horario de atenci\u00f3n al p\u00fablico<\/h3>\n\n\n\n<p><strong>Chatea con Edison<\/strong>, el agente virtual de Pogo, 24 horas al d\u00eda, 7 d\u00edas a la semana<br\/><strong>Chatea con un humano en vivo:<\/strong><br\/>Lunes \u2013 Viernes, 8am \u2013 5pm CST<\/p>\n<\/div>\n<\/div>\n<\/div>\n<\/div>\n","protected":false},"excerpt":{"rendered":"<p>Aviso importante sobre cambios en tu contrato A partir del 27 de diciembre de 2024, vamos a introducir algunos cambios en nuestras Condiciones de servicio y en la Declaraci\u00f3n de divulgaci\u00f3n de prepago. Estos cambios incluyen actualizaciones de nuestras tarifas de servicio. No es necesaria ninguna acci\u00f3n por tu parte, pero si quieres saber m\u00e1s, [&hellip;]<\/p>\n","protected":false},"author":12,"featured_media":31541,"parent":0,"menu_order":0,"comment_status":"closed","ping_status":"closed","template":"","meta":{"custom_body_class":"","footnotes":""},"search_visibility":[],"search_keywords":[],"class_list":["post-32951","page","type-page","status-publish","has-post-thumbnail","hentry"],"yoast_head":"<!-- This site is optimized with the Yoast SEO Premium plugin v26.5 (Yoast SEO v27.2) - https:\/\/yoast.com\/product\/yoast-seo-premium-wordpress\/ -->\n<title>Actualiza 20241227 | Pogo Energy Esp<\/title>\n<meta name=\"description\" content=\"Actualiza 20241227 Pogo Energy Esp\" \/>\n<meta name=\"robots\" content=\"noindex, nofollow\" \/>\n<meta property=\"og:locale\" content=\"es_ES\" \/>\n<meta property=\"og:type\" content=\"article\" \/>\n<meta property=\"og:title\" content=\"Actualiza 20241227 Pogo Energy Esp\" \/>\n<meta property=\"og:description\" content=\"Actualiza 20241227 Pogo Energy Esp\" \/>\n<meta property=\"og:url\" content=\"https:\/\/dev-mkg.pogoenergy.com\/es\/actualiza-20241227\/\" \/>\n<meta property=\"og:site_name\" content=\"Pogo Energy Esp\" \/>\n<meta property=\"article:publisher\" content=\"https:\/\/www.facebook.com\/pogoenergy\" \/>\n<meta property=\"article:modified_time\" content=\"2024-12-11T15:49:00+00:00\" \/>\n<meta property=\"og:image\" content=\"https:\/\/dev-mkg.pogoenergy.com\/wp-content\/uploads\/2023\/09\/200x200-Pogo-logo.png\" \/>\n\t<meta property=\"og:image:width\" content=\"200\" \/>\n\t<meta property=\"og:image:height\" content=\"200\" \/>\n\t<meta property=\"og:image:type\" content=\"image\/png\" \/>\n<meta name=\"twitter:card\" content=\"summary_large_image\" \/>\n<meta name=\"twitter:site\" content=\"@PogoEnergyTX\" \/>\n<meta name=\"twitter:label1\" content=\"Tiempo de lectura\" \/>\n\t<meta name=\"twitter:data1\" content=\"2 minutos\" \/>\n<script type=\"application\/ld+json\" class=\"yoast-schema-graph\">{\"@context\":\"https:\/\/schema.org\",\"@graph\":[{\"@type\":\"WebPage\",\"@id\":\"https:\/\/dev-mkg.pogoenergy.com\/es\/actualiza-20241227\/\",\"url\":\"https:\/\/dev-mkg.pogoenergy.com\/es\/actualiza-20241227\/\",\"name\":\"Actualiza 20241227 | Pogo Energy Esp\",\"isPartOf\":{\"@id\":\"https:\/\/dev-mkg.pogoenergy.com\/es\/#website\"},\"primaryImageOfPage\":{\"@id\":\"https:\/\/dev-mkg.pogoenergy.com\/es\/actualiza-20241227\/#primaryimage\"},\"image\":{\"@id\":\"https:\/\/dev-mkg.pogoenergy.com\/es\/actualiza-20241227\/#primaryimage\"},\"thumbnailUrl\":\"https:\/\/dev-mkg.pogoenergy.com\/wp-content\/uploads\/2023\/09\/200x200-Pogo-logo.png\",\"datePublished\":\"2024-12-11T15:48:21+00:00\",\"dateModified\":\"2024-12-11T15:49:00+00:00\",\"description\":\"Actualiza 20241227 Pogo Energy Esp\",\"breadcrumb\":{\"@id\":\"https:\/\/dev-mkg.pogoenergy.com\/es\/actualiza-20241227\/#breadcrumb\"},\"inLanguage\":\"es\",\"potentialAction\":[{\"@type\":\"ReadAction\",\"target\":[\"https:\/\/dev-mkg.pogoenergy.com\/es\/actualiza-20241227\/\"]}]},{\"@type\":\"ImageObject\",\"inLanguage\":\"es\",\"@id\":\"https:\/\/dev-mkg.pogoenergy.com\/es\/actualiza-20241227\/#primaryimage\",\"url\":\"https:\/\/dev-mkg.pogoenergy.com\/wp-content\/uploads\/2023\/09\/200x200-Pogo-logo.png\",\"contentUrl\":\"https:\/\/dev-mkg.pogoenergy.com\/wp-content\/uploads\/2023\/09\/200x200-Pogo-logo.png\",\"width\":200,\"height\":200,\"caption\":\"Electricidad el\u00e9ctrica Pogo en Texas\"},{\"@type\":\"BreadcrumbList\",\"@id\":\"https:\/\/dev-mkg.pogoenergy.com\/es\/actualiza-20241227\/#breadcrumb\",\"itemListElement\":[{\"@type\":\"ListItem\",\"position\":1,\"name\":\"Inicio\",\"item\":\"https:\/\/dev-mkg.pogoenergy.com\/es\/\"},{\"@type\":\"ListItem\",\"position\":2,\"name\":\"Actualiza 20241227\"}]},{\"@type\":\"WebSite\",\"@id\":\"https:\/\/dev-mkg.pogoenergy.com\/es\/#website\",\"url\":\"https:\/\/dev-mkg.pogoenergy.com\/es\/\",\"name\":\"Pogo Energy Esp\",\"description\":\"Prepaid Electricity | No Deposit Electricity | Same Day Power | Electric Company\",\"publisher\":{\"@id\":\"https:\/\/dev-mkg.pogoenergy.com\/es\/#organization\"},\"alternateName\":\"Pogo Energy Electric Company in Texas providing Affordable Energy to keep your Lights On\",\"potentialAction\":[{\"@type\":\"SearchAction\",\"target\":{\"@type\":\"EntryPoint\",\"urlTemplate\":\"https:\/\/dev-mkg.pogoenergy.com\/es\/?s={search_term_string}\"},\"query-input\":{\"@type\":\"PropertyValueSpecification\",\"valueRequired\":true,\"valueName\":\"search_term_string\"}}],\"inLanguage\":\"es\"},{\"@type\":[\"Organization\",\"Place\",\"LocalBusiness\"],\"@id\":\"https:\/\/dev-mkg.pogoenergy.com\/es\/#organization\",\"name\":\"Pogo Energy\",\"alternateName\":\"Pogo Energy Electric Company Serving Texas\",\"url\":\"https:\/\/dev-mkg.pogoenergy.com\/es\/\",\"logo\":{\"@id\":\"https:\/\/dev-mkg.pogoenergy.com\/es\/actualiza-20241227\/#local-main-organization-logo\"},\"image\":{\"@id\":\"https:\/\/dev-mkg.pogoenergy.com\/es\/actualiza-20241227\/#local-main-organization-logo\"},\"sameAs\":[\"https:\/\/www.facebook.com\/pogoenergy\",\"https:\/\/x.com\/PogoEnergyTX\",\"https:\/\/www.linkedin.com\/company\/pogoenergy\",\"https:\/\/www.instagram.com\/pogoenergy\",\"https:\/\/www.threads.net\/@pogoenergy\"],\"description\":\"Pay-as-you-go electricity plans for residents and small businesses living in non-regulated areas of Texas from an electric company committed to providing 100% renewable, clean energy. We are on a mission to make it easy to get the lights turned on with no credit checks, no deposits, and our same-day power-on guarantee when you sign up before 6 p.m. Leave the BS (bill shock) behind and start saving money and the world with pay-as-you-go electricity from Pogo Energy.\",\"legalName\":\"Pogo Energy LLC\",\"foundingDate\":\"2017-03-13\",\"numberOfEmployees\":{\"@type\":\"QuantitativeValue\",\"minValue\":\"11\",\"maxValue\":\"50\"},\"address\":{\"@id\":\"https:\/\/dev-mkg.pogoenergy.com\/es\/actualiza-20241227\/#local-main-place-address\"},\"telephone\":[\"888-764-6669\"],\"openingHoursSpecification\":[],\"email\":\"support@dev-mkg.pogoenergy.com\",\"areaServed\":\"Texas\",\"priceRange\":\"$\"},{\"@type\":\"PostalAddress\",\"@id\":\"https:\/\/dev-mkg.pogoenergy.com\/es\/actualiza-20241227\/#local-main-place-address\",\"streetAddress\":\"P.O. Box 12346\",\"addressLocality\":\"Dallas\",\"postalCode\":\"75225\",\"addressRegion\":\"Texas\",\"addressCountry\":\"US\"},{\"@type\":\"ImageObject\",\"inLanguage\":\"es\",\"@id\":\"https:\/\/dev-mkg.pogoenergy.com\/es\/actualiza-20241227\/#local-main-organization-logo\",\"url\":\"https:\/\/dev-mkg.pogoenergy.com\/wp-content\/uploads\/2023\/09\/200x200-Pogo-logo.png\",\"contentUrl\":\"https:\/\/dev-mkg.pogoenergy.com\/wp-content\/uploads\/2023\/09\/200x200-Pogo-logo.png\",\"width\":200,\"height\":200,\"caption\":\"Pogo Energy\"}]}<\/script>\n<meta name=\"geo.placename\" content=\"Dallas\" \/>\n<meta name=\"geo.region\" content=\"Estados Unidos (EEUU)\" \/>\n<!-- \/ Yoast SEO Premium plugin. -->","yoast_head_json":{"title":"Actualiza 20241227 | Pogo Energy Esp","description":"Actualiza 20241227 Pogo Energy Esp","robots":{"index":"noindex","follow":"nofollow"},"og_locale":"es_ES","og_type":"article","og_title":"Actualiza 20241227 Pogo Energy Esp","og_description":"Actualiza 20241227 Pogo Energy Esp","og_url":"https:\/\/dev-mkg.pogoenergy.com\/es\/actualiza-20241227\/","og_site_name":"Pogo Energy Esp","article_publisher":"https:\/\/www.facebook.com\/pogoenergy","article_modified_time":"2024-12-11T15:49:00+00:00","og_image":[{"width":200,"height":200,"url":"https:\/\/dev-mkg.pogoenergy.com\/wp-content\/uploads\/2023\/09\/200x200-Pogo-logo.png","type":"image\/png"}],"twitter_card":"summary_large_image","twitter_site":"@PogoEnergyTX","twitter_misc":{"Tiempo de lectura":"2 minutos"},"schema":{"@context":"https:\/\/schema.org","@graph":[{"@type":"WebPage","@id":"https:\/\/dev-mkg.pogoenergy.com\/es\/actualiza-20241227\/","url":"https:\/\/dev-mkg.pogoenergy.com\/es\/actualiza-20241227\/","name":"Actualiza 20241227 | Pogo Energy Esp","isPartOf":{"@id":"https:\/\/dev-mkg.pogoenergy.com\/es\/#website"},"primaryImageOfPage":{"@id":"https:\/\/dev-mkg.pogoenergy.com\/es\/actualiza-20241227\/#primaryimage"},"image":{"@id":"https:\/\/dev-mkg.pogoenergy.com\/es\/actualiza-20241227\/#primaryimage"},"thumbnailUrl":"https:\/\/dev-mkg.pogoenergy.com\/wp-content\/uploads\/2023\/09\/200x200-Pogo-logo.png","datePublished":"2024-12-11T15:48:21+00:00","dateModified":"2024-12-11T15:49:00+00:00","description":"Actualiza 20241227 Pogo Energy Esp","breadcrumb":{"@id":"https:\/\/dev-mkg.pogoenergy.com\/es\/actualiza-20241227\/#breadcrumb"},"inLanguage":"es","potentialAction":[{"@type":"ReadAction","target":["https:\/\/dev-mkg.pogoenergy.com\/es\/actualiza-20241227\/"]}]},{"@type":"ImageObject","inLanguage":"es","@id":"https:\/\/dev-mkg.pogoenergy.com\/es\/actualiza-20241227\/#primaryimage","url":"https:\/\/dev-mkg.pogoenergy.com\/wp-content\/uploads\/2023\/09\/200x200-Pogo-logo.png","contentUrl":"https:\/\/dev-mkg.pogoenergy.com\/wp-content\/uploads\/2023\/09\/200x200-Pogo-logo.png","width":200,"height":200,"caption":"Electricidad el\u00e9ctrica Pogo en Texas"},{"@type":"BreadcrumbList","@id":"https:\/\/dev-mkg.pogoenergy.com\/es\/actualiza-20241227\/#breadcrumb","itemListElement":[{"@type":"ListItem","position":1,"name":"Inicio","item":"https:\/\/dev-mkg.pogoenergy.com\/es\/"},{"@type":"ListItem","position":2,"name":"Actualiza 20241227"}]},{"@type":"WebSite","@id":"https:\/\/dev-mkg.pogoenergy.com\/es\/#website","url":"https:\/\/dev-mkg.pogoenergy.com\/es\/","name":"Pogo Energy Esp","description":"Prepaid Electricity | No Deposit Electricity | Same Day Power | Electric Company","publisher":{"@id":"https:\/\/dev-mkg.pogoenergy.com\/es\/#organization"},"alternateName":"Pogo Energy Electric Company in Texas providing Affordable Energy to keep your Lights On","potentialAction":[{"@type":"SearchAction","target":{"@type":"EntryPoint","urlTemplate":"https:\/\/dev-mkg.pogoenergy.com\/es\/?s={search_term_string}"},"query-input":{"@type":"PropertyValueSpecification","valueRequired":true,"valueName":"search_term_string"}}],"inLanguage":"es"},{"@type":["Organization","Place","LocalBusiness"],"@id":"https:\/\/dev-mkg.pogoenergy.com\/es\/#organization","name":"Pogo Energy","alternateName":"Pogo Energy Electric Company Serving Texas","url":"https:\/\/dev-mkg.pogoenergy.com\/es\/","logo":{"@id":"https:\/\/dev-mkg.pogoenergy.com\/es\/actualiza-20241227\/#local-main-organization-logo"},"image":{"@id":"https:\/\/dev-mkg.pogoenergy.com\/es\/actualiza-20241227\/#local-main-organization-logo"},"sameAs":["https:\/\/www.facebook.com\/pogoenergy","https:\/\/x.com\/PogoEnergyTX","https:\/\/www.linkedin.com\/company\/pogoenergy","https:\/\/www.instagram.com\/pogoenergy","https:\/\/www.threads.net\/@pogoenergy"],"description":"Pay-as-you-go electricity plans for residents and small businesses living in non-regulated areas of Texas from an electric company committed to providing 100% renewable, clean energy. We are on a mission to make it easy to get the lights turned on with no credit checks, no deposits, and our same-day power-on guarantee when you sign up before 6 p.m. Leave the BS (bill shock) behind and start saving money and the world with pay-as-you-go electricity from Pogo Energy.","legalName":"Pogo Energy LLC","foundingDate":"2017-03-13","numberOfEmployees":{"@type":"QuantitativeValue","minValue":"11","maxValue":"50"},"address":{"@id":"https:\/\/dev-mkg.pogoenergy.com\/es\/actualiza-20241227\/#local-main-place-address"},"telephone":["888-764-6669"],"openingHoursSpecification":[],"email":"support@dev-mkg.pogoenergy.com","areaServed":"Texas","priceRange":"$"},{"@type":"PostalAddress","@id":"https:\/\/dev-mkg.pogoenergy.com\/es\/actualiza-20241227\/#local-main-place-address","streetAddress":"P.O. Box 12346","addressLocality":"Dallas","postalCode":"75225","addressRegion":"Texas","addressCountry":"US"},{"@type":"ImageObject","inLanguage":"es","@id":"https:\/\/dev-mkg.pogoenergy.com\/es\/actualiza-20241227\/#local-main-organization-logo","url":"https:\/\/dev-mkg.pogoenergy.com\/wp-content\/uploads\/2023\/09\/200x200-Pogo-logo.png","contentUrl":"https:\/\/dev-mkg.pogoenergy.com\/wp-content\/uploads\/2023\/09\/200x200-Pogo-logo.png","width":200,"height":200,"caption":"Pogo Energy"}]},"geo.placename":"Dallas","geo.region":"Estados Unidos (EEUU)"},"featured_image_src":"https:\/\/dev-mkg.pogoenergy.com\/wp-content\/uploads\/2023\/09\/200x200-Pogo-logo.png","featured_image_src_square":"https:\/\/dev-mkg.pogoenergy.com\/wp-content\/uploads\/2023\/09\/200x200-Pogo-logo.png","_links":{"self":[{"href":"https:\/\/dev-mkg.pogoenergy.com\/es\/wp-json\/wp\/v2\/pages\/32951","targetHints":{"allow":["GET"]}}],"collection":[{"href":"https:\/\/dev-mkg.pogoenergy.com\/es\/wp-json\/wp\/v2\/pages"}],"about":[{"href":"https:\/\/dev-mkg.pogoenergy.com\/es\/wp-json\/wp\/v2\/types\/page"}],"author":[{"embeddable":true,"href":"https:\/\/dev-mkg.pogoenergy.com\/es\/wp-json\/wp\/v2\/users\/12"}],"replies":[{"embeddable":true,"href":"https:\/\/dev-mkg.pogoenergy.com\/es\/wp-json\/wp\/v2\/comments?post=32951"}],"version-history":[{"count":0,"href":"https:\/\/dev-mkg.pogoenergy.com\/es\/wp-json\/wp\/v2\/pages\/32951\/revisions"}],"wp:featuredmedia":[{"embeddable":true,"href":"https:\/\/dev-mkg.pogoenergy.com\/es\/wp-json\/wp\/v2\/media\/31541"}],"wp:attachment":[{"href":"https:\/\/dev-mkg.pogoenergy.com\/es\/wp-json\/wp\/v2\/media?parent=32951"}],"wp:term":[{"taxonomy":"search_visibility","embeddable":true,"href":"https:\/\/dev-mkg.pogoenergy.com\/es\/wp-json\/wp\/v2\/search_visibility?post=32951"},{"taxonomy":"search_keywords","embeddable":true,"href":"https:\/\/dev-mkg.pogoenergy.com\/es\/wp-json\/wp\/v2\/search_keywords?post=32951"}],"curies":[{"name":"wp","href":"https:\/\/api.w.org\/{rel}","templated":true}]}}