{"id":33299,"date":"2022-09-29T12:13:51","date_gmt":"2022-09-29T17:13:51","guid":{"rendered":"https:\/\/stg-mkg.pogoenergy.com\/recharge\/"},"modified":"2025-09-23T13:02:40","modified_gmt":"2025-09-23T18:02:40","slug":"cargar","status":"publish","type":"page","link":"https:\/\/dev-mkg.pogoenergy.com\/es\/cargar\/","title":{"rendered":"Recargar"},"content":{"rendered":"\n<div class=\"wp-block-columns alignfull is-layout-flex wp-container-core-columns-is-layout-00ff1643 wp-block-columns-is-layout-flex\" style=\"margin-bottom:var(--wp--preset--spacing--20)\">\n<div class=\"wp-block-column inner-hero charge-up-hero small-hero has-cyan-bluish-gray-background-color has-background is-layout-constrained wp-container-core-column-is-layout-70b2d511 wp-block-column-is-layout-constrained\" style=\"padding-top:130px;padding-bottom:140px;flex-basis:100%\">\n<div class=\"wp-block-group hero-content is-layout-constrained wp-container-core-group-is-layout-4508630b wp-block-group-is-layout-constrained\" style=\"padding-top:var(--wp--preset--spacing--30);padding-right:var(--wp--preset--spacing--30);padding-bottom:var(--wp--preset--spacing--30);padding-left:var(--wp--preset--spacing--30)\">\n<p class=\"has-background-color has-text-color\" style=\"font-size:24px;line-height:1\"><\/p>\n\n\n<style>@media only screen and (max-width: 1200px) {.gb-69dcb8a1a72c5{font-size: 48px!important;}}@media only screen and (max-width: 600px) {.gb-69dcb8a1a72c5{line-height: 1!important;font-size: 32px!important;}}<\/style>\n<h1 class=\"gb-69dcb8a1a72c5 wp-block-heading title has-background-color has-text-color\" id=\"h-charge-up\" style=\"padding-top:0px;padding-right:0px;padding-bottom:0px;padding-left:0px;font-size:48px;font-style:normal;font-weight:600\">Recargar<\/h1>\n\n\n\n<figure class=\"wp-block-image size-full img-wave-hero\"><img decoding=\"async\" width=\"238\" height=\"36\" src=\"https:\/\/dev-mkg.pogoenergy.com\/wp-content\/uploads\/2022\/09\/wave-blue.webp\" alt=\"recargar cuenta de prepago\" class=\"wp-image-385\"\/><\/figure>\n<\/div>\n<\/div>\n<\/div>\n\n<div class=\"wp-block-columns alignfull is-layout-flex wp-container-core-columns-is-layout-d2da2050 wp-block-columns-is-layout-flex\" style=\"margin-bottom:0\">\n<div class=\"wp-block-column is-layout-constrained wp-container-core-column-is-layout-5ff9693f wp-block-column-is-layout-constrained\"><style>@media only screen and (max-width: 1200px) {.gb-69dcb8a1add81{font-size: 36px!important;}}@media only screen and (max-width: 600px) {.gb-69dcb8a1add81{font-size: 26px!important;}}<\/style>\n<h2 class=\"gb-69dcb8a1add81 wp-block-heading has-text-align-center has-text-color\" id=\"h-add-funds-to-recharge-your-prepaid-energy-account\" style=\"color:#1427e6;margin-top:var(--wp--preset--spacing--50);margin-right:0;margin-bottom:0;margin-left:0;padding-right:var(--wp--preset--spacing--60);padding-bottom:var(--wp--preset--spacing--20);padding-left:var(--wp--preset--spacing--60);font-size:36px;font-style:normal;font-weight:600\">A\u00f1ad\u00ed fondos para recargar tu cuenta de energ\u00eda prepaga<\/h2>\n<\/div>\n<\/div>\n\n<div class=\"wp-block-columns alignfull is-layout-flex wp-container-core-columns-is-layout-a1e153c5 wp-block-columns-is-layout-flex\" style=\"margin-top:3rem;margin-bottom:3rem\">\n<div class=\"wp-block-column is-vertically-aligned-top is-content-justification-center is-layout-constrained wp-container-core-column-is-layout-121d747e wp-block-column-is-layout-constrained\" style=\"padding-top:0;padding-right:var(--wp--preset--spacing--30);padding-bottom:0;padding-left:var(--wp--preset--spacing--30)\"><style>@media only screen and (max-width: 1200px) {.gb-69dcb8a1b2f72{font-size: 16px!important;}}@media only screen and (max-width: 600px) {.gb-69dcb8a1b2f72{font-size: 16px!important;}}<\/style>\n<p class=\"gb-69dcb8a1b2f72 has-text-align-center has-text-color\" style=\"color:#656569;margin-top:0;margin-bottom:0;padding-top:var(--wp--preset--spacing--20);padding-bottom:var(--wp--preset--spacing--20);font-size:18px\">T\u00fa eliges c\u00f3mo quieres recargar y volver a recargar tu cuenta de Pogo Energy. Puedes a\u00f1adir fondos a tu cuenta de prepago en l\u00ednea con una tarjeta de d\u00e9bito o cr\u00e9dito, Apple Pay o Google Pay.<br\/><br\/>\u00bfPrefieres a\u00f1adir dinero a tu cuenta con un dep\u00f3sito en efectivo? No hay problema. Hay miles de ubicaciones donde puedes depositar efectivo en tu cuenta.<br\/><br\/>T\u00fa eliges cu\u00e1nto a\u00f1adir y, siempre que el saldo de tu cuenta sea superior a 0,01 $, nos aseguraremos de que tu luz permanezca encendida.<\/p>\n\n\n\n<div style=\"color:#ddd\" class=\"wp-block-genesis-blocks-gb-spacer gb-block-spacer gb-divider-solid gb-divider-size-1\"><hr style=\"height:30px\"><\/div>\n\n\n\n<div class=\"wp-block-buttons buttons is-horizontal is-content-justification-center is-layout-flex wp-container-core-buttons-is-layout-ef5ce59c wp-block-buttons-is-layout-flex\">\n<div class=\"wp-block-button alignright is-style-fill\"><a class=\"wp-block-button__link has-background-color has-text-color has-background wp-element-button\" href=\"https:\/\/my.dev-mkg.pogoenergy.com\/recharge\/\" style=\"border-radius:100px;background-color:#1427e6;padding-top:var(--wp--preset--spacing--40);padding-right:var(--wp--preset--spacing--70);padding-bottom:var(--wp--preset--spacing--40);padding-left:var(--wp--preset--spacing--70)\" target=\"_blank\" rel=\"noreferrer noopener\"><strong>En l\u00ednea<\/strong><\/a><\/div>\n\n\n\n<div class=\"wp-block-button alignright is-style-fill\"><a class=\"wp-block-button__link has-text-color has-background wp-element-button\" href=\"https:\/\/dev-mkg.pogoenergy.com\/es\/cargar\/efectivo\/\" style=\"border-radius:100px;color:#1427e6;background-color:#6ee229;padding-top:var(--wp--preset--spacing--40);padding-right:var(--wp--preset--spacing--70);padding-bottom:var(--wp--preset--spacing--40);padding-left:var(--wp--preset--spacing--70)\"><strong>Con efectivo<\/strong><\/a><\/div>\n<\/div>\n<\/div>\n<\/div>\n\n<p><\/p>\n","protected":false},"excerpt":{"rendered":"<p>Recargar A\u00f1ad\u00ed fondos para recargar tu cuenta de energ\u00eda prepaga T\u00fa eliges c\u00f3mo quieres recargar y volver a recargar tu cuenta de Pogo Energy. Puedes a\u00f1adir fondos a tu cuenta de prepago en l\u00ednea con una tarjeta de d\u00e9bito o cr\u00e9dito, Apple Pay o Google Pay. \u00bfPrefieres a\u00f1adir dinero a tu cuenta con un dep\u00f3sito [&hellip;]<\/p>\n","protected":false},"author":11,"featured_media":31541,"parent":0,"menu_order":0,"comment_status":"closed","ping_status":"closed","template":"","meta":{"custom_body_class":"","footnotes":""},"search_visibility":[],"search_keywords":[],"class_list":["post-33299","page","type-page","status-publish","has-post-thumbnail","hentry"],"yoast_head":"<!-- This site is optimized with the Yoast SEO Premium plugin v26.5 (Yoast SEO v27.2) - https:\/\/yoast.com\/product\/yoast-seo-premium-wordpress\/ -->\n<title>Recargar | A\u00f1ade dinero a tu cuenta de pago inmediato | pogo<\/title>\n<meta name=\"description\" content=\"Es f\u00e1cil a\u00f1adir fondos a tu cuenta de electricidad de prepago Pogo. A\u00f1ade fondos online o recarga en uno de nuestros m\u00e1s de 50.000 puntos de pago.\" \/>\n<meta name=\"robots\" content=\"noindex, follow, max-snippet:-1, max-image-preview:large, max-video-preview:-1\" \/>\n<meta property=\"og:locale\" content=\"es_ES\" \/>\n<meta property=\"og:type\" content=\"article\" \/>\n<meta property=\"og:title\" content=\"Recargar Pogo Energy Esp\" \/>\n<meta property=\"og:description\" content=\"Recargar Pogo Energy Esp\" \/>\n<meta property=\"og:url\" content=\"https:\/\/dev-mkg.pogoenergy.com\/es\/cargar\/\" \/>\n<meta property=\"og:site_name\" content=\"Pogo Energy Esp\" \/>\n<meta property=\"article:publisher\" content=\"https:\/\/www.facebook.com\/pogoenergy\" \/>\n<meta property=\"article:modified_time\" content=\"2025-09-23T18:02:40+00:00\" \/>\n<meta property=\"og:image\" content=\"https:\/\/dev-mkg.pogoenergy.com\/wp-content\/uploads\/2023\/09\/200x200-Pogo-logo.png\" \/>\n<meta name=\"twitter:card\" content=\"summary_large_image\" \/>\n<meta name=\"twitter:site\" content=\"@PogoEnergyTX\" \/>\n<meta name=\"twitter:label1\" content=\"Tiempo de lectura\" \/>\n\t<meta name=\"twitter:data1\" content=\"1 minuto\" \/>\n<script type=\"application\/ld+json\" class=\"yoast-schema-graph\">{\"@context\":\"https:\/\/schema.org\",\"@graph\":[{\"@type\":\"WebPage\",\"@id\":\"https:\/\/dev-mkg.pogoenergy.com\/es\/cargar\/\",\"url\":\"https:\/\/dev-mkg.pogoenergy.com\/es\/cargar\/\",\"name\":\"Recargar | A\u00f1ade dinero a tu cuenta de pago inmediato | pogo\",\"isPartOf\":{\"@id\":\"https:\/\/dev-mkg.pogoenergy.com\/es\/#website\"},\"primaryImageOfPage\":{\"@id\":\"https:\/\/dev-mkg.pogoenergy.com\/es\/cargar\/#primaryimage\"},\"image\":{\"@id\":\"https:\/\/dev-mkg.pogoenergy.com\/es\/cargar\/#primaryimage\"},\"thumbnailUrl\":\"https:\/\/dev-mkg.pogoenergy.com\/wp-content\/uploads\/2023\/09\/200x200-Pogo-logo.png\",\"datePublished\":\"2022-09-29T17:13:51+00:00\",\"dateModified\":\"2025-09-23T18:02:40+00:00\",\"description\":\"Es f\u00e1cil a\u00f1adir fondos a tu cuenta de electricidad de prepago Pogo. A\u00f1ade fondos online o recarga en uno de nuestros m\u00e1s de 50.000 puntos de pago.\",\"breadcrumb\":{\"@id\":\"https:\/\/dev-mkg.pogoenergy.com\/es\/cargar\/#breadcrumb\"},\"inLanguage\":\"es\",\"potentialAction\":[{\"@type\":\"ReadAction\",\"target\":[\"https:\/\/dev-mkg.pogoenergy.com\/es\/cargar\/\"]}]},{\"@type\":\"ImageObject\",\"inLanguage\":\"es\",\"@id\":\"https:\/\/dev-mkg.pogoenergy.com\/es\/cargar\/#primaryimage\",\"url\":\"https:\/\/dev-mkg.pogoenergy.com\/wp-content\/uploads\/2023\/09\/200x200-Pogo-logo.png\",\"contentUrl\":\"https:\/\/dev-mkg.pogoenergy.com\/wp-content\/uploads\/2023\/09\/200x200-Pogo-logo.png\",\"width\":200,\"height\":200,\"caption\":\"Electricidad el\u00e9ctrica Pogo en Texas\"},{\"@type\":\"BreadcrumbList\",\"@id\":\"https:\/\/dev-mkg.pogoenergy.com\/es\/cargar\/#breadcrumb\",\"itemListElement\":[{\"@type\":\"ListItem\",\"position\":1,\"name\":\"Inicio\",\"item\":\"https:\/\/dev-mkg.pogoenergy.com\/es\/\"},{\"@type\":\"ListItem\",\"position\":2,\"name\":\"Recargar\"}]},{\"@type\":\"WebSite\",\"@id\":\"https:\/\/dev-mkg.pogoenergy.com\/es\/#website\",\"url\":\"https:\/\/dev-mkg.pogoenergy.com\/es\/\",\"name\":\"Pogo Energy Esp\",\"description\":\"Prepaid Electricity | No Deposit Electricity | Same Day Power | Electric Company\",\"publisher\":{\"@id\":\"https:\/\/dev-mkg.pogoenergy.com\/es\/#organization\"},\"alternateName\":\"Pogo Energy Electric Company in Texas providing Affordable Energy to keep your Lights On\",\"potentialAction\":[{\"@type\":\"SearchAction\",\"target\":{\"@type\":\"EntryPoint\",\"urlTemplate\":\"https:\/\/dev-mkg.pogoenergy.com\/es\/?s={search_term_string}\"},\"query-input\":{\"@type\":\"PropertyValueSpecification\",\"valueRequired\":true,\"valueName\":\"search_term_string\"}}],\"inLanguage\":\"es\"},{\"@type\":[\"Organization\",\"Place\",\"LocalBusiness\"],\"@id\":\"https:\/\/dev-mkg.pogoenergy.com\/es\/#organization\",\"name\":\"Pogo Energy\",\"alternateName\":\"Pogo Energy Electric Company Serving Texas\",\"url\":\"https:\/\/dev-mkg.pogoenergy.com\/es\/\",\"logo\":{\"@id\":\"https:\/\/dev-mkg.pogoenergy.com\/es\/cargar\/#local-main-organization-logo\"},\"image\":{\"@id\":\"https:\/\/dev-mkg.pogoenergy.com\/es\/cargar\/#local-main-organization-logo\"},\"sameAs\":[\"https:\/\/www.facebook.com\/pogoenergy\",\"https:\/\/x.com\/PogoEnergyTX\",\"https:\/\/www.linkedin.com\/company\/pogoenergy\",\"https:\/\/www.instagram.com\/pogoenergy\",\"https:\/\/www.threads.net\/@pogoenergy\"],\"description\":\"Pay-as-you-go electricity plans for residents and small businesses living in non-regulated areas of Texas from an electric company committed to providing 100% renewable, clean energy. We are on a mission to make it easy to get the lights turned on with no credit checks, no deposits, and our same-day power-on guarantee when you sign up before 6 p.m. Leave the BS (bill shock) behind and start saving money and the world with pay-as-you-go electricity from Pogo Energy.\",\"legalName\":\"Pogo Energy LLC\",\"foundingDate\":\"2017-03-13\",\"numberOfEmployees\":{\"@type\":\"QuantitativeValue\",\"minValue\":\"11\",\"maxValue\":\"50\"},\"address\":{\"@id\":\"https:\/\/dev-mkg.pogoenergy.com\/es\/cargar\/#local-main-place-address\"},\"telephone\":[\"888-764-6669\"],\"openingHoursSpecification\":[],\"email\":\"support@dev-mkg.pogoenergy.com\",\"areaServed\":\"Texas\",\"priceRange\":\"$\"},{\"@type\":\"PostalAddress\",\"@id\":\"https:\/\/dev-mkg.pogoenergy.com\/es\/cargar\/#local-main-place-address\",\"streetAddress\":\"P.O. Box 12346\",\"addressLocality\":\"Dallas\",\"postalCode\":\"75225\",\"addressRegion\":\"Texas\",\"addressCountry\":\"US\"},{\"@type\":\"ImageObject\",\"inLanguage\":\"es\",\"@id\":\"https:\/\/dev-mkg.pogoenergy.com\/es\/cargar\/#local-main-organization-logo\",\"url\":\"https:\/\/dev-mkg.pogoenergy.com\/wp-content\/uploads\/2023\/09\/200x200-Pogo-logo.png\",\"contentUrl\":\"https:\/\/dev-mkg.pogoenergy.com\/wp-content\/uploads\/2023\/09\/200x200-Pogo-logo.png\",\"width\":200,\"height\":200,\"caption\":\"Pogo Energy\"}]}<\/script>\n<meta name=\"geo.placename\" content=\"Dallas\" \/>\n<meta name=\"geo.region\" content=\"Estados Unidos (EEUU)\" \/>\n<!-- \/ Yoast SEO Premium plugin. -->","yoast_head_json":{"title":"Recargar | A\u00f1ade dinero a tu cuenta de pago inmediato | pogo","description":"Es f\u00e1cil a\u00f1adir fondos a tu cuenta de electricidad de prepago Pogo. A\u00f1ade fondos online o recarga en uno de nuestros m\u00e1s de 50.000 puntos de pago.","robots":{"index":"noindex","follow":"follow","max-snippet":"max-snippet:-1","max-image-preview":"max-image-preview:large","max-video-preview":"max-video-preview:-1"},"og_locale":"es_ES","og_type":"article","og_title":"Recargar Pogo Energy Esp","og_description":"Recargar Pogo Energy Esp","og_url":"https:\/\/dev-mkg.pogoenergy.com\/es\/cargar\/","og_site_name":"Pogo Energy Esp","article_publisher":"https:\/\/www.facebook.com\/pogoenergy","article_modified_time":"2025-09-23T18:02:40+00:00","og_image":[{"url":"https:\/\/dev-mkg.pogoenergy.com\/wp-content\/uploads\/2023\/09\/200x200-Pogo-logo.png","type":"","width":"","height":""}],"twitter_card":"summary_large_image","twitter_site":"@PogoEnergyTX","twitter_misc":{"Tiempo de lectura":"1 minuto"},"schema":{"@context":"https:\/\/schema.org","@graph":[{"@type":"WebPage","@id":"https:\/\/dev-mkg.pogoenergy.com\/es\/cargar\/","url":"https:\/\/dev-mkg.pogoenergy.com\/es\/cargar\/","name":"Recargar | A\u00f1ade dinero a tu cuenta de pago inmediato | pogo","isPartOf":{"@id":"https:\/\/dev-mkg.pogoenergy.com\/es\/#website"},"primaryImageOfPage":{"@id":"https:\/\/dev-mkg.pogoenergy.com\/es\/cargar\/#primaryimage"},"image":{"@id":"https:\/\/dev-mkg.pogoenergy.com\/es\/cargar\/#primaryimage"},"thumbnailUrl":"https:\/\/dev-mkg.pogoenergy.com\/wp-content\/uploads\/2023\/09\/200x200-Pogo-logo.png","datePublished":"2022-09-29T17:13:51+00:00","dateModified":"2025-09-23T18:02:40+00:00","description":"Es f\u00e1cil a\u00f1adir fondos a tu cuenta de electricidad de prepago Pogo. A\u00f1ade fondos online o recarga en uno de nuestros m\u00e1s de 50.000 puntos de pago.","breadcrumb":{"@id":"https:\/\/dev-mkg.pogoenergy.com\/es\/cargar\/#breadcrumb"},"inLanguage":"es","potentialAction":[{"@type":"ReadAction","target":["https:\/\/dev-mkg.pogoenergy.com\/es\/cargar\/"]}]},{"@type":"ImageObject","inLanguage":"es","@id":"https:\/\/dev-mkg.pogoenergy.com\/es\/cargar\/#primaryimage","url":"https:\/\/dev-mkg.pogoenergy.com\/wp-content\/uploads\/2023\/09\/200x200-Pogo-logo.png","contentUrl":"https:\/\/dev-mkg.pogoenergy.com\/wp-content\/uploads\/2023\/09\/200x200-Pogo-logo.png","width":200,"height":200,"caption":"Electricidad el\u00e9ctrica Pogo en Texas"},{"@type":"BreadcrumbList","@id":"https:\/\/dev-mkg.pogoenergy.com\/es\/cargar\/#breadcrumb","itemListElement":[{"@type":"ListItem","position":1,"name":"Inicio","item":"https:\/\/dev-mkg.pogoenergy.com\/es\/"},{"@type":"ListItem","position":2,"name":"Recargar"}]},{"@type":"WebSite","@id":"https:\/\/dev-mkg.pogoenergy.com\/es\/#website","url":"https:\/\/dev-mkg.pogoenergy.com\/es\/","name":"Pogo Energy Esp","description":"Prepaid Electricity | No Deposit Electricity | Same Day Power | Electric Company","publisher":{"@id":"https:\/\/dev-mkg.pogoenergy.com\/es\/#organization"},"alternateName":"Pogo Energy Electric Company in Texas providing Affordable Energy to keep your Lights On","potentialAction":[{"@type":"SearchAction","target":{"@type":"EntryPoint","urlTemplate":"https:\/\/dev-mkg.pogoenergy.com\/es\/?s={search_term_string}"},"query-input":{"@type":"PropertyValueSpecification","valueRequired":true,"valueName":"search_term_string"}}],"inLanguage":"es"},{"@type":["Organization","Place","LocalBusiness"],"@id":"https:\/\/dev-mkg.pogoenergy.com\/es\/#organization","name":"Pogo Energy","alternateName":"Pogo Energy Electric Company Serving Texas","url":"https:\/\/dev-mkg.pogoenergy.com\/es\/","logo":{"@id":"https:\/\/dev-mkg.pogoenergy.com\/es\/cargar\/#local-main-organization-logo"},"image":{"@id":"https:\/\/dev-mkg.pogoenergy.com\/es\/cargar\/#local-main-organization-logo"},"sameAs":["https:\/\/www.facebook.com\/pogoenergy","https:\/\/x.com\/PogoEnergyTX","https:\/\/www.linkedin.com\/company\/pogoenergy","https:\/\/www.instagram.com\/pogoenergy","https:\/\/www.threads.net\/@pogoenergy"],"description":"Pay-as-you-go electricity plans for residents and small businesses living in non-regulated areas of Texas from an electric company committed to providing 100% renewable, clean energy. We are on a mission to make it easy to get the lights turned on with no credit checks, no deposits, and our same-day power-on guarantee when you sign up before 6 p.m. Leave the BS (bill shock) behind and start saving money and the world with pay-as-you-go electricity from Pogo Energy.","legalName":"Pogo Energy LLC","foundingDate":"2017-03-13","numberOfEmployees":{"@type":"QuantitativeValue","minValue":"11","maxValue":"50"},"address":{"@id":"https:\/\/dev-mkg.pogoenergy.com\/es\/cargar\/#local-main-place-address"},"telephone":["888-764-6669"],"openingHoursSpecification":[],"email":"support@dev-mkg.pogoenergy.com","areaServed":"Texas","priceRange":"$"},{"@type":"PostalAddress","@id":"https:\/\/dev-mkg.pogoenergy.com\/es\/cargar\/#local-main-place-address","streetAddress":"P.O. Box 12346","addressLocality":"Dallas","postalCode":"75225","addressRegion":"Texas","addressCountry":"US"},{"@type":"ImageObject","inLanguage":"es","@id":"https:\/\/dev-mkg.pogoenergy.com\/es\/cargar\/#local-main-organization-logo","url":"https:\/\/dev-mkg.pogoenergy.com\/wp-content\/uploads\/2023\/09\/200x200-Pogo-logo.png","contentUrl":"https:\/\/dev-mkg.pogoenergy.com\/wp-content\/uploads\/2023\/09\/200x200-Pogo-logo.png","width":200,"height":200,"caption":"Pogo Energy"}]},"geo.placename":"Dallas","geo.region":"Estados Unidos (EEUU)"},"featured_image_src":"https:\/\/dev-mkg.pogoenergy.com\/wp-content\/uploads\/2023\/09\/200x200-Pogo-logo.png","featured_image_src_square":"https:\/\/dev-mkg.pogoenergy.com\/wp-content\/uploads\/2023\/09\/200x200-Pogo-logo.png","_links":{"self":[{"href":"https:\/\/dev-mkg.pogoenergy.com\/es\/wp-json\/wp\/v2\/pages\/33299","targetHints":{"allow":["GET"]}}],"collection":[{"href":"https:\/\/dev-mkg.pogoenergy.com\/es\/wp-json\/wp\/v2\/pages"}],"about":[{"href":"https:\/\/dev-mkg.pogoenergy.com\/es\/wp-json\/wp\/v2\/types\/page"}],"author":[{"embeddable":true,"href":"https:\/\/dev-mkg.pogoenergy.com\/es\/wp-json\/wp\/v2\/users\/11"}],"replies":[{"embeddable":true,"href":"https:\/\/dev-mkg.pogoenergy.com\/es\/wp-json\/wp\/v2\/comments?post=33299"}],"version-history":[{"count":0,"href":"https:\/\/dev-mkg.pogoenergy.com\/es\/wp-json\/wp\/v2\/pages\/33299\/revisions"}],"wp:featuredmedia":[{"embeddable":true,"href":"https:\/\/dev-mkg.pogoenergy.com\/es\/wp-json\/wp\/v2\/media\/31541"}],"wp:attachment":[{"href":"https:\/\/dev-mkg.pogoenergy.com\/es\/wp-json\/wp\/v2\/media?parent=33299"}],"wp:term":[{"taxonomy":"search_visibility","embeddable":true,"href":"https:\/\/dev-mkg.pogoenergy.com\/es\/wp-json\/wp\/v2\/search_visibility?post=33299"},{"taxonomy":"search_keywords","embeddable":true,"href":"https:\/\/dev-mkg.pogoenergy.com\/es\/wp-json\/wp\/v2\/search_keywords?post=33299"}],"curies":[{"name":"wp","href":"https:\/\/api.w.org\/{rel}","templated":true}]}}