{"id":33613,"date":"2025-10-27T11:51:31","date_gmt":"2025-10-27T16:51:31","guid":{"rendered":"https:\/\/stg-mkg.pogoenergy.com\/compare-electric-rates\/"},"modified":"2025-11-06T13:32:25","modified_gmt":"2025-11-06T18:32:25","slug":"compare-electric-rates","status":"publish","type":"page","link":"https:\/\/dev-mkg.pogoenergy.com\/es\/compare-electric-rates\/","title":{"rendered":"Comparar tarifas de electricidad"},"content":{"rendered":"\n<div class=\"wp-block-columns alignfull is-layout-flex wp-container-core-columns-is-layout-00ff1643 wp-block-columns-is-layout-flex\" style=\"margin-bottom:var(--wp--preset--spacing--20)\">\n<div class=\"wp-block-column inner-hero how-pogo-works-hero small-hero has-cyan-bluish-gray-background-color has-background is-layout-constrained wp-container-core-column-is-layout-70b2d511 wp-block-column-is-layout-constrained\" style=\"padding-top:130px;padding-bottom:140px;flex-basis:100%\">\n<div class=\"wp-block-group hero-content is-layout-constrained wp-container-core-group-is-layout-4508630b wp-block-group-is-layout-constrained\" style=\"padding-top:var(--wp--preset--spacing--30);padding-right:var(--wp--preset--spacing--30);padding-bottom:var(--wp--preset--spacing--30);padding-left:var(--wp--preset--spacing--30)\"><style>@media only screen and (max-width: 1200px) {.gb-69e891d449eb2{font-size: 48px!important;}}@media only screen and (max-width: 600px) {.gb-69e891d449eb2{line-height: 1!important;font-size: 32px!important;}}<\/style>\n<h1 class=\"gb-69e891d449eb2 wp-block-heading title has-background-color has-text-color\" id=\"h-compare-electric-rates\" style=\"padding-top:0px;padding-right:0px;padding-bottom:0px;padding-left:0px;font-size:48px;font-style:normal;font-weight:600\">Comparar tarifas de electricidad<\/h1>\n\n\n\n<figure class=\"wp-block-image size-full img-wave-hero\"><img decoding=\"async\" width=\"238\" height=\"36\" src=\"https:\/\/dev-mkg.pogoenergy.com\/wp-content\/uploads\/2022\/09\/wave-purple.webp\" alt=\"Selecciona Pogo como proveedor de electricidad\" class=\"wp-image-404\"\/><\/figure>\n<\/div>\n<\/div>\n<\/div>\n\n<div class=\"wp-block-columns alignfull is-layout-flex wp-container-core-columns-is-layout-28f84493 wp-block-columns-is-layout-flex\">\n<div class=\"wp-block-column is-vertically-aligned-top is-layout-constrained wp-container-core-column-is-layout-06663b6b wp-block-column-is-layout-constrained\" style=\"padding-top:0;padding-right:0;padding-bottom:0;padding-left:0\">\n<div class=\"wp-block-columns is-layout-flex wp-container-core-columns-is-layout-d7d455e7 wp-block-columns-is-layout-flex\" style=\"padding-top:0;padding-right:0;padding-bottom:0;padding-left:0\">\n<div class=\"wp-block-column is-vertically-aligned-center is-layout-flow wp-block-column-is-layout-flow\" style=\"border-style:none;border-width:0px;padding-top:var(--wp--preset--spacing--60);padding-right:var(--wp--preset--spacing--60);padding-bottom:0;padding-left:var(--wp--preset--spacing--60);flex-basis:100%\">\n<h2 class=\"wp-block-heading has-text-color\" id=\"h-compare-electric-rates-pogo-energy-vs-other-texas-electric-companies\" style=\"color:#1427e6;margin-top:0;margin-right:0;margin-bottom:var(--wp--preset--spacing--20);margin-left:0;font-size:36px;font-style:normal;font-weight:600\">Comparar tarifas de electricidad: Pogo Energy frente a otras compa\u00f1\u00edas de electricidad de Texas<\/h2>\n\n\n\n<p class=\"has-text-align-left\">En Pogo Energy, sabemos que tienes opciones a la hora de elegir tu proveedor de electricidad. Eso es lo bueno de vivir en las zonas desreguladas de Texas: puedes elegir la compa\u00f1\u00eda de electricidad que mejor se adapte a tu estilo de vida, presupuesto y valores. <\/p>\n\n\n\n<p>Si buscas electricidad prepagada, facturaci\u00f3n flexible o simplemente una mejor experiencia de cliente, estamos aqu\u00ed para que veas f\u00e1cilmente la diferencia.<\/p>\n\n\n\n<p>Cada p\u00e1gina de comparaci\u00f3n ofrece un desglose de lo que ofrece cada compa\u00f1\u00eda y lo que puedes esperar de ellas, ayud\u00e1ndote a tomar la mejor decisi\u00f3n para tu casa, tu familia y tu presupuesto. Si vives en una zona liberalizada, puedes elegir tu compa\u00f1\u00eda de electricidad. Asegur\u00e9monos de que eliges una que te d\u00e9 el control a TI.  <\/p>\n\n\n\n<p><\/p>\n\n\n\n<h3 class=\"wp-block-heading has-text-color\" id=\"h-how-pogo-energy-compares\" style=\"color:#1427e6;margin-top:0;margin-right:0;margin-bottom:var(--wp--preset--spacing--20);margin-left:0;font-size:36px;font-style:normal;font-weight:600\">C\u00f3mo se compara Pogo Energy<\/h3>\n\n\n\n<p>C\u00f3mo nos comparamos con otros proveedores de electricidad populares de Texas:<\/p>\n\n\n\n<ul class=\"wp-block-list\">\n<li><a href=\"https:\/\/dev-mkg.pogoenergy.com\/es\/compare-electric-rates\/amigo-energy\/\">Pogo Energy frente a Amigo Energy<\/a><\/li>\n\n\n\n<li><a href=\"https:\/\/dev-mkg.pogoenergy.com\/es\/compare-electric-rates\/acacia-energy\/\">Pogo Energy frente a Acacia Energy<\/a><\/li>\n\n\n\n<li><a href=\"https:\/\/dev-mkg.pogoenergy.com\/es\/compare-electric-rates\/payless-power\/\">Pogo Energy frente a Payless Power<\/a><\/li>\n\n\n\n<li><a href=\"https:\/\/dev-mkg.pogoenergy.com\/es\/compare-electric-rates\/reliant-energy\/\">Pogo Energy frente a Reliant Energy<\/a><\/li>\n\n\n\n<li><a href=\"https:\/\/dev-mkg.pogoenergy.com\/es\/compare-electric-rates\/octopus-energy\/\">Pogo Energy vs. Octopus Energy<\/a><\/li>\n\n\n\n<li><a href=\"https:\/\/dev-mkg.pogoenergy.com\/es\/compare-electric-rates\/green-mountain-energy\/\">Pogo Energy frente a Green Mountain Energy<\/a><\/li>\n<\/ul>\n<\/div>\n<\/div>\n\n\n\n<h4 class=\"wp-block-heading has-text-color\" id=\"h-ready-to-make-the-switch-to-pogo\" style=\"color:#1427e6;padding-top:0;padding-right:0;padding-bottom:0;padding-left:0;font-size:22px;font-style:normal;font-weight:600\">\u00bfPreparado para cambiar a Pogo?<\/h4>\n\n\n\n<p>Cambiar a Pogo Energy es r\u00e1pido, f\u00e1cil y totalmente online. No hay estr\u00e9s ni necesidad de preocuparse porque no hay verificaci\u00f3n de cr\u00e9dito, no hay dep\u00f3sito ni necesidad de comprometerse a un contrato de larga duraci\u00f3n. As\u00ed que no hay que esperar para recibir corriente. Date de alta hoy y enciende la luz.   <\/p>\n<\/div>\n<\/div>\n\n<div class=\"wp-block-columns alignfull is-layout-flex wp-container-core-columns-is-layout-7e14f9d5 wp-block-columns-is-layout-flex\" style=\"margin-bottom:100px\">\n<div class=\"wp-block-column is-vertically-aligned-top is-content-justification-center is-layout-constrained wp-container-core-column-is-layout-ac70b500 wp-block-column-is-layout-constrained\" style=\"padding-top:0;padding-right:var(--wp--preset--spacing--30);padding-bottom:0;padding-left:var(--wp--preset--spacing--30)\">\n<div class=\"wp-block-buttons buttons is-horizontal is-content-justification-center is-layout-flex wp-container-core-buttons-is-layout-9994f86e wp-block-buttons-is-layout-flex\" style=\"margin-top:0;margin-bottom:0\">\n<div class=\"wp-block-button alignright is-style-fill\"><a class=\"wp-block-button__link has-background-color has-text-color has-background wp-element-button\" href=\"https:\/\/my.dev-mkg.pogoenergy.com\/enroll\" style=\"border-radius:100px;background-color:#1427e6;padding-top:var(--wp--preset--spacing--40);padding-right:var(--wp--preset--spacing--70);padding-bottom:var(--wp--preset--spacing--40);padding-left:var(--wp--preset--spacing--70)\"><strong>Inscr\u00edbete ahora<\/strong><\/a><\/div>\n\n\n\n<div class=\"wp-block-button alignright is-style-outline is-style-outline--1\"><a class=\"wp-block-button__link has-text-color wp-element-button\" href=\"https:\/\/dev-mkg.pogoenergy.com\/es\/soporte\/help\/#chat\" style=\"border-radius:100px;color:#414145;padding-top:var(--wp--preset--spacing--40);padding-right:var(--wp--preset--spacing--70);padding-bottom:var(--wp--preset--spacing--40);padding-left:var(--wp--preset--spacing--70)\"><strong>Convers\u00e1 con nosotros<\/strong><\/a><\/div>\n<\/div>\n<\/div>\n<\/div>\n","protected":false},"excerpt":{"rendered":"<p>Comparar tarifas de electricidad Comparar tarifas de electricidad: Pogo Energy frente a otras compa\u00f1\u00edas de electricidad de Texas En Pogo Energy, sabemos que tienes opciones a la hora de elegir tu proveedor de electricidad. Eso es lo bueno de vivir en las zonas desreguladas de Texas: puedes elegir la compa\u00f1\u00eda de electricidad que mejor se [&hellip;]<\/p>\n","protected":false},"author":12,"featured_media":0,"parent":0,"menu_order":0,"comment_status":"closed","ping_status":"closed","template":"","meta":{"custom_body_class":"","footnotes":""},"search_visibility":[],"search_keywords":[],"class_list":["post-33613","page","type-page","status-publish","hentry"],"yoast_head":"<!-- This site is optimized with the Yoast SEO Premium plugin v26.5 (Yoast SEO v27.2) - https:\/\/yoast.com\/product\/yoast-seo-premium-wordpress\/ -->\n<title>Comparar tarifas el\u00e9ctricas | Pogo Energy<\/title>\n<meta name=\"description\" content=\"Compara electricidad Pogo con las principales compa\u00f1\u00edas de electricidad de Texas, como Reliant y Payless Power. Descubre la electricidad prepagada hoy mismo.\" \/>\n<meta name=\"robots\" content=\"noindex, follow, max-snippet:-1, max-image-preview:large, max-video-preview:-1\" \/>\n<meta property=\"og:locale\" content=\"es_ES\" \/>\n<meta property=\"og:type\" content=\"article\" \/>\n<meta property=\"og:title\" content=\"Comparar tarifas de electricidad Pogo Energy Esp\" \/>\n<meta property=\"og:description\" content=\"Comparar tarifas de electricidad Pogo Energy Esp\" \/>\n<meta property=\"og:url\" content=\"https:\/\/dev-mkg.pogoenergy.com\/es\/compare-electric-rates\/\" \/>\n<meta property=\"og:site_name\" content=\"Pogo Energy Esp\" \/>\n<meta property=\"article:publisher\" content=\"https:\/\/www.facebook.com\/pogoenergy\" \/>\n<meta property=\"article:modified_time\" content=\"2025-11-06T18:32:25+00:00\" \/>\n<meta property=\"og:image\" content=\"https:\/\/dev-mkg.pogoenergy.com\/wp-content\/uploads\/2022\/09\/wave-purple.webp\" \/>\n\t<meta property=\"og:image:width\" content=\"238\" \/>\n\t<meta property=\"og:image:height\" content=\"36\" \/>\n\t<meta property=\"og:image:type\" content=\"image\/webp\" \/>\n<meta name=\"twitter:card\" content=\"summary_large_image\" \/>\n<meta name=\"twitter:site\" content=\"@PogoEnergyTX\" \/>\n<meta name=\"twitter:label1\" content=\"Tiempo de lectura\" \/>\n\t<meta name=\"twitter:data1\" content=\"1 minuto\" \/>\n<script type=\"application\/ld+json\" class=\"yoast-schema-graph\">{\"@context\":\"https:\/\/schema.org\",\"@graph\":[{\"@type\":\"WebPage\",\"@id\":\"https:\/\/dev-mkg.pogoenergy.com\/es\/compare-electric-rates\/\",\"url\":\"https:\/\/dev-mkg.pogoenergy.com\/es\/compare-electric-rates\/\",\"name\":\"Comparar tarifas el\u00e9ctricas | Pogo Energy\",\"isPartOf\":{\"@id\":\"https:\/\/dev-mkg.pogoenergy.com\/es\/#website\"},\"primaryImageOfPage\":{\"@id\":\"https:\/\/dev-mkg.pogoenergy.com\/es\/compare-electric-rates\/#primaryimage\"},\"image\":{\"@id\":\"https:\/\/dev-mkg.pogoenergy.com\/es\/compare-electric-rates\/#primaryimage\"},\"thumbnailUrl\":\"https:\/\/dev-mkg.pogoenergy.com\/wp-content\/uploads\/2022\/09\/wave-purple.webp\",\"datePublished\":\"2025-10-27T16:51:31+00:00\",\"dateModified\":\"2025-11-06T18:32:25+00:00\",\"description\":\"Compara electricidad Pogo con las principales compa\u00f1\u00edas de electricidad de Texas, como Reliant y Payless Power. Descubre la electricidad prepagada hoy mismo.\",\"breadcrumb\":{\"@id\":\"https:\/\/dev-mkg.pogoenergy.com\/es\/compare-electric-rates\/#breadcrumb\"},\"inLanguage\":\"es\",\"potentialAction\":[{\"@type\":\"ReadAction\",\"target\":[\"https:\/\/dev-mkg.pogoenergy.com\/es\/compare-electric-rates\/\"]}]},{\"@type\":\"ImageObject\",\"inLanguage\":\"es\",\"@id\":\"https:\/\/dev-mkg.pogoenergy.com\/es\/compare-electric-rates\/#primaryimage\",\"url\":\"https:\/\/dev-mkg.pogoenergy.com\/wp-content\/uploads\/2022\/09\/wave-purple.webp\",\"contentUrl\":\"https:\/\/dev-mkg.pogoenergy.com\/wp-content\/uploads\/2022\/09\/wave-purple.webp\"},{\"@type\":\"BreadcrumbList\",\"@id\":\"https:\/\/dev-mkg.pogoenergy.com\/es\/compare-electric-rates\/#breadcrumb\",\"itemListElement\":[{\"@type\":\"ListItem\",\"position\":1,\"name\":\"Inicio\",\"item\":\"https:\/\/dev-mkg.pogoenergy.com\/es\/\"},{\"@type\":\"ListItem\",\"position\":2,\"name\":\"Comparar tarifas de electricidad\"}]},{\"@type\":\"WebSite\",\"@id\":\"https:\/\/dev-mkg.pogoenergy.com\/es\/#website\",\"url\":\"https:\/\/dev-mkg.pogoenergy.com\/es\/\",\"name\":\"Pogo Energy Esp\",\"description\":\"Prepaid Electricity | No Deposit Electricity | Same Day Power | Electric Company\",\"publisher\":{\"@id\":\"https:\/\/dev-mkg.pogoenergy.com\/es\/#organization\"},\"alternateName\":\"Pogo Energy Electric Company in Texas providing Affordable Energy to keep your Lights On\",\"potentialAction\":[{\"@type\":\"SearchAction\",\"target\":{\"@type\":\"EntryPoint\",\"urlTemplate\":\"https:\/\/dev-mkg.pogoenergy.com\/es\/?s={search_term_string}\"},\"query-input\":{\"@type\":\"PropertyValueSpecification\",\"valueRequired\":true,\"valueName\":\"search_term_string\"}}],\"inLanguage\":\"es\"},{\"@type\":[\"Organization\",\"Place\",\"LocalBusiness\"],\"@id\":\"https:\/\/dev-mkg.pogoenergy.com\/es\/#organization\",\"name\":\"Pogo Energy\",\"alternateName\":\"Pogo Energy Electric Company Serving Texas\",\"url\":\"https:\/\/dev-mkg.pogoenergy.com\/es\/\",\"logo\":{\"@id\":\"https:\/\/dev-mkg.pogoenergy.com\/es\/compare-electric-rates\/#local-main-organization-logo\"},\"image\":{\"@id\":\"https:\/\/dev-mkg.pogoenergy.com\/es\/compare-electric-rates\/#local-main-organization-logo\"},\"sameAs\":[\"https:\/\/www.facebook.com\/pogoenergy\",\"https:\/\/x.com\/PogoEnergyTX\",\"https:\/\/www.linkedin.com\/company\/pogoenergy\",\"https:\/\/www.instagram.com\/pogoenergy\",\"https:\/\/www.threads.net\/@pogoenergy\"],\"description\":\"Pay-as-you-go electricity plans for residents and small businesses living in non-regulated areas of Texas from an electric company committed to providing 100% renewable, clean energy. We are on a mission to make it easy to get the lights turned on with no credit checks, no deposits, and our same-day power-on guarantee when you sign up before 6 p.m. Leave the BS (bill shock) behind and start saving money and the world with pay-as-you-go electricity from Pogo Energy.\",\"legalName\":\"Pogo Energy LLC\",\"foundingDate\":\"2017-03-13\",\"numberOfEmployees\":{\"@type\":\"QuantitativeValue\",\"minValue\":\"11\",\"maxValue\":\"50\"},\"address\":{\"@id\":\"https:\/\/dev-mkg.pogoenergy.com\/es\/compare-electric-rates\/#local-main-place-address\"},\"telephone\":[\"888-764-6669\"],\"openingHoursSpecification\":[],\"email\":\"support@dev-mkg.pogoenergy.com\",\"areaServed\":\"Texas\",\"priceRange\":\"$\"},{\"@type\":\"PostalAddress\",\"@id\":\"https:\/\/dev-mkg.pogoenergy.com\/es\/compare-electric-rates\/#local-main-place-address\",\"streetAddress\":\"P.O. Box 12346\",\"addressLocality\":\"Dallas\",\"postalCode\":\"75225\",\"addressRegion\":\"Texas\",\"addressCountry\":\"US\"},{\"@type\":\"ImageObject\",\"inLanguage\":\"es\",\"@id\":\"https:\/\/dev-mkg.pogoenergy.com\/es\/compare-electric-rates\/#local-main-organization-logo\",\"url\":\"https:\/\/dev-mkg.pogoenergy.com\/wp-content\/uploads\/2023\/09\/200x200-Pogo-logo.png\",\"contentUrl\":\"https:\/\/dev-mkg.pogoenergy.com\/wp-content\/uploads\/2023\/09\/200x200-Pogo-logo.png\",\"width\":200,\"height\":200,\"caption\":\"Pogo Energy\"}]}<\/script>\n<meta name=\"geo.placename\" content=\"Dallas\" \/>\n<meta name=\"geo.region\" content=\"Estados Unidos (EEUU)\" \/>\n<!-- \/ Yoast SEO Premium plugin. -->","yoast_head_json":{"title":"Comparar tarifas el\u00e9ctricas | Pogo Energy","description":"Compara electricidad Pogo con las principales compa\u00f1\u00edas de electricidad de Texas, como Reliant y Payless Power. Descubre la electricidad prepagada hoy mismo.","robots":{"index":"noindex","follow":"follow","max-snippet":"max-snippet:-1","max-image-preview":"max-image-preview:large","max-video-preview":"max-video-preview:-1"},"og_locale":"es_ES","og_type":"article","og_title":"Comparar tarifas de electricidad Pogo Energy Esp","og_description":"Comparar tarifas de electricidad Pogo Energy Esp","og_url":"https:\/\/dev-mkg.pogoenergy.com\/es\/compare-electric-rates\/","og_site_name":"Pogo Energy Esp","article_publisher":"https:\/\/www.facebook.com\/pogoenergy","article_modified_time":"2025-11-06T18:32:25+00:00","og_image":[{"width":238,"height":36,"url":"https:\/\/dev-mkg.pogoenergy.com\/wp-content\/uploads\/2022\/09\/wave-purple.webp","type":"image\/webp"}],"twitter_card":"summary_large_image","twitter_site":"@PogoEnergyTX","twitter_misc":{"Tiempo de lectura":"1 minuto"},"schema":{"@context":"https:\/\/schema.org","@graph":[{"@type":"WebPage","@id":"https:\/\/dev-mkg.pogoenergy.com\/es\/compare-electric-rates\/","url":"https:\/\/dev-mkg.pogoenergy.com\/es\/compare-electric-rates\/","name":"Comparar tarifas el\u00e9ctricas | Pogo Energy","isPartOf":{"@id":"https:\/\/dev-mkg.pogoenergy.com\/es\/#website"},"primaryImageOfPage":{"@id":"https:\/\/dev-mkg.pogoenergy.com\/es\/compare-electric-rates\/#primaryimage"},"image":{"@id":"https:\/\/dev-mkg.pogoenergy.com\/es\/compare-electric-rates\/#primaryimage"},"thumbnailUrl":"https:\/\/dev-mkg.pogoenergy.com\/wp-content\/uploads\/2022\/09\/wave-purple.webp","datePublished":"2025-10-27T16:51:31+00:00","dateModified":"2025-11-06T18:32:25+00:00","description":"Compara electricidad Pogo con las principales compa\u00f1\u00edas de electricidad de Texas, como Reliant y Payless Power. Descubre la electricidad prepagada hoy mismo.","breadcrumb":{"@id":"https:\/\/dev-mkg.pogoenergy.com\/es\/compare-electric-rates\/#breadcrumb"},"inLanguage":"es","potentialAction":[{"@type":"ReadAction","target":["https:\/\/dev-mkg.pogoenergy.com\/es\/compare-electric-rates\/"]}]},{"@type":"ImageObject","inLanguage":"es","@id":"https:\/\/dev-mkg.pogoenergy.com\/es\/compare-electric-rates\/#primaryimage","url":"https:\/\/dev-mkg.pogoenergy.com\/wp-content\/uploads\/2022\/09\/wave-purple.webp","contentUrl":"https:\/\/dev-mkg.pogoenergy.com\/wp-content\/uploads\/2022\/09\/wave-purple.webp"},{"@type":"BreadcrumbList","@id":"https:\/\/dev-mkg.pogoenergy.com\/es\/compare-electric-rates\/#breadcrumb","itemListElement":[{"@type":"ListItem","position":1,"name":"Inicio","item":"https:\/\/dev-mkg.pogoenergy.com\/es\/"},{"@type":"ListItem","position":2,"name":"Comparar tarifas de electricidad"}]},{"@type":"WebSite","@id":"https:\/\/dev-mkg.pogoenergy.com\/es\/#website","url":"https:\/\/dev-mkg.pogoenergy.com\/es\/","name":"Pogo Energy Esp","description":"Prepaid Electricity | No Deposit Electricity | Same Day Power | Electric Company","publisher":{"@id":"https:\/\/dev-mkg.pogoenergy.com\/es\/#organization"},"alternateName":"Pogo Energy Electric Company in Texas providing Affordable Energy to keep your Lights On","potentialAction":[{"@type":"SearchAction","target":{"@type":"EntryPoint","urlTemplate":"https:\/\/dev-mkg.pogoenergy.com\/es\/?s={search_term_string}"},"query-input":{"@type":"PropertyValueSpecification","valueRequired":true,"valueName":"search_term_string"}}],"inLanguage":"es"},{"@type":["Organization","Place","LocalBusiness"],"@id":"https:\/\/dev-mkg.pogoenergy.com\/es\/#organization","name":"Pogo Energy","alternateName":"Pogo Energy Electric Company Serving Texas","url":"https:\/\/dev-mkg.pogoenergy.com\/es\/","logo":{"@id":"https:\/\/dev-mkg.pogoenergy.com\/es\/compare-electric-rates\/#local-main-organization-logo"},"image":{"@id":"https:\/\/dev-mkg.pogoenergy.com\/es\/compare-electric-rates\/#local-main-organization-logo"},"sameAs":["https:\/\/www.facebook.com\/pogoenergy","https:\/\/x.com\/PogoEnergyTX","https:\/\/www.linkedin.com\/company\/pogoenergy","https:\/\/www.instagram.com\/pogoenergy","https:\/\/www.threads.net\/@pogoenergy"],"description":"Pay-as-you-go electricity plans for residents and small businesses living in non-regulated areas of Texas from an electric company committed to providing 100% renewable, clean energy. We are on a mission to make it easy to get the lights turned on with no credit checks, no deposits, and our same-day power-on guarantee when you sign up before 6 p.m. Leave the BS (bill shock) behind and start saving money and the world with pay-as-you-go electricity from Pogo Energy.","legalName":"Pogo Energy LLC","foundingDate":"2017-03-13","numberOfEmployees":{"@type":"QuantitativeValue","minValue":"11","maxValue":"50"},"address":{"@id":"https:\/\/dev-mkg.pogoenergy.com\/es\/compare-electric-rates\/#local-main-place-address"},"telephone":["888-764-6669"],"openingHoursSpecification":[],"email":"support@dev-mkg.pogoenergy.com","areaServed":"Texas","priceRange":"$"},{"@type":"PostalAddress","@id":"https:\/\/dev-mkg.pogoenergy.com\/es\/compare-electric-rates\/#local-main-place-address","streetAddress":"P.O. Box 12346","addressLocality":"Dallas","postalCode":"75225","addressRegion":"Texas","addressCountry":"US"},{"@type":"ImageObject","inLanguage":"es","@id":"https:\/\/dev-mkg.pogoenergy.com\/es\/compare-electric-rates\/#local-main-organization-logo","url":"https:\/\/dev-mkg.pogoenergy.com\/wp-content\/uploads\/2023\/09\/200x200-Pogo-logo.png","contentUrl":"https:\/\/dev-mkg.pogoenergy.com\/wp-content\/uploads\/2023\/09\/200x200-Pogo-logo.png","width":200,"height":200,"caption":"Pogo Energy"}]},"geo.placename":"Dallas","geo.region":"Estados Unidos (EEUU)"},"featured_image_src":null,"featured_image_src_square":null,"_links":{"self":[{"href":"https:\/\/dev-mkg.pogoenergy.com\/es\/wp-json\/wp\/v2\/pages\/33613","targetHints":{"allow":["GET"]}}],"collection":[{"href":"https:\/\/dev-mkg.pogoenergy.com\/es\/wp-json\/wp\/v2\/pages"}],"about":[{"href":"https:\/\/dev-mkg.pogoenergy.com\/es\/wp-json\/wp\/v2\/types\/page"}],"author":[{"embeddable":true,"href":"https:\/\/dev-mkg.pogoenergy.com\/es\/wp-json\/wp\/v2\/users\/12"}],"replies":[{"embeddable":true,"href":"https:\/\/dev-mkg.pogoenergy.com\/es\/wp-json\/wp\/v2\/comments?post=33613"}],"version-history":[{"count":0,"href":"https:\/\/dev-mkg.pogoenergy.com\/es\/wp-json\/wp\/v2\/pages\/33613\/revisions"}],"wp:attachment":[{"href":"https:\/\/dev-mkg.pogoenergy.com\/es\/wp-json\/wp\/v2\/media?parent=33613"}],"wp:term":[{"taxonomy":"search_visibility","embeddable":true,"href":"https:\/\/dev-mkg.pogoenergy.com\/es\/wp-json\/wp\/v2\/search_visibility?post=33613"},{"taxonomy":"search_keywords","embeddable":true,"href":"https:\/\/dev-mkg.pogoenergy.com\/es\/wp-json\/wp\/v2\/search_keywords?post=33613"}],"curies":[{"name":"wp","href":"https:\/\/api.w.org\/{rel}","templated":true}]}}